{"id":1276,"date":"2024-09-04T15:19:26","date_gmt":"2024-09-04T13:19:26","guid":{"rendered":"http:\/\/cpaparis.org\/?page_id=1276"},"modified":"2026-04-22T17:32:34","modified_gmt":"2026-04-22T15:32:34","slug":"inscriptions-et-tarifs-2023-2024","status":"publish","type":"page","link":"http:\/\/cpaparis.org\/?page_id=1276","title":{"rendered":"Inscriptions et tarifs 2024-2025"},"content":{"rendered":"\n<figure class=\"wp-block-image size-large\"><img loading=\"lazy\" decoding=\"async\" width=\"1024\" height=\"768\" src=\"http:\/\/cpaparis.org\/wp-content\/uploads\/2023\/08\/groupe-1024x768.jpg\" alt=\"\" class=\"wp-image-1284\" srcset=\"http:\/\/cpaparis.org\/wp-content\/uploads\/2023\/08\/groupe-1024x768.jpg 1024w, http:\/\/cpaparis.org\/wp-content\/uploads\/2023\/08\/groupe-300x225.jpg 300w, http:\/\/cpaparis.org\/wp-content\/uploads\/2023\/08\/groupe-768x576.jpg 768w, http:\/\/cpaparis.org\/wp-content\/uploads\/2023\/08\/groupe-1536x1152.jpg 1536w, http:\/\/cpaparis.org\/wp-content\/uploads\/2023\/08\/groupe-2048x1536.jpg 2048w\" sizes=\"auto, (max-width: 1024px) 100vw, 1024px\" \/><figcaption class=\"wp-element-caption\">Des patineurs heureux <\/figcaption><\/figure>\n\n\n<p>Le CPAP reprendra ses activit\u00e9s \u00e0 compter du <strong>jeudi 5 septembre 2024<\/strong> \u00e0 la patinoire d\u2019Asni\u00e8res.<\/p>\n<p>Le bulletin d&rsquo;inscription est disponible. vous pouvez le t\u00e9l\u00e9charger <a href=\"http:\/\/cpaparis.org\/wp-content\/uploads\/2024\/09\/BA-2024-2.pdf\">ici<\/a>\u00a0et\u00a0 le remettre lors de votre premi\u00e8re s\u00e9ance \u00e0 un membre du comit\u00e9 ou le renvoyer\u00a0 par mail \u00e0 secretaire@cpaparis.org.<\/p>\n<h4 style=\"text-align: center;\"><span style=\"color: #800080;\">Tarifs du club<\/span><\/h4>\n<p><strong>Adh\u00e9sion saison 2024-2025:<\/strong><\/p>\n<p>L&rsquo;adh\u00e9sion au Club pour la saison 2024-2025 est de <strong>100\u20ac<\/strong>.\u00a0Pour les nouveaux inscrits, le tarif de l&rsquo;adh\u00e9sion la premi\u00e8re ann\u00e9e ne sera que de 70\u20ac.<\/p>\n<p><strong>Tarifs des cours:<\/strong><\/p>\n<table style=\"border-collapse: collapse; width: 100%;\">\n<tbody>\n<tr>\n<td style=\"width: 33.3333%;\">\u00a0<\/td>\n<td style=\"width: 32.2222%; text-align: center;\"><strong>Tarif Forfait annuel **<\/strong><\/td>\n<td style=\"width: 17.7778%; text-align: center;\"><strong>Tarif r\u00e9duit *<\/strong><\/td>\n<td style=\"width: 16.6667%; text-align: center;\"><strong>Tarif S\u00e9ance<\/strong><\/td>\n<\/tr>\n<tr>\n<td style=\"width: 33.3333%;\"><strong><span style=\"color: #993366;\">Dimanche\u00a0<\/span><\/strong>\n<p><strong>Cours de danse et Pratique des danses<\/strong><\/p>\n<p>21h-23h, \u00e0 la patinoire d\u2019Asni\u00e8res<\/p>\n<\/td>\n<td style=\"width: 32.2222%; text-align: center;\"><strong>400\u20ac<\/strong><\/td>\n<td style=\"width: 17.7778%; text-align: center;\"><strong>280\u20ac *<\/strong><\/td>\n<td style=\"width: 16.6667%;\">25\u20ac (35\u20ac pour les non adh\u00e9rents)<\/td>\n<\/tr>\n<tr>\n<td style=\"width: 33.3333%;\"><strong><span style=\"color: #993366;\">Jeudi<\/span><\/strong>\n<p><strong>Technique de pas<\/strong><br \/>12h-13h, \u00e0 la patinoire d\u2019Asni\u00e8res<\/p>\n<\/td>\n<td style=\"width: 32.2222%; text-align: center;\"><strong>500\u20ac<\/strong><\/td>\n<td style=\"width: 17.7778%; text-align: center;\"><strong>350\u20ac *<\/strong><\/td>\n<td style=\"width: 16.6667%;\">30\u20ac (40\u20ac pour les non adh\u00e9rents)<\/td>\n<\/tr>\n<\/tbody>\n<\/table>\n<table style=\"border-collapse: collapse; width: 100%;\">\n<tbody>\n<tr>\n<td style=\"width: 33.3333%;\">\u00a0<\/td>\n<td style=\"width: 32.7777%;\"><strong>Tarif carte 10 s\u00e9ances **<\/strong><\/td>\n<td style=\"width: 33.8889%; text-align: center;\"><strong>Tarif \u00e0 la s\u00e9ance<\/strong><\/td>\n<\/tr>\n<tr>\n<td style=\"width: 33.3333%;\"><strong><span style=\"color: #993366;\">Jeudi<\/span><\/strong>\n<p><strong><span style=\"background-color: #99cc00;\">Nouveaut\u00e9!<\/span> <span style=\"background-color: #99cc00;\">Sport Sant\u00e9<\/span><\/strong><br \/>12h-13h, \u00e0 la patinoire d\u2019Asni\u00e8res<\/p>\n<\/td>\n<td style=\"width: 32.7777%; text-align: center;\"><strong>150\u20ac<\/strong><\/td>\n<td style=\"width: 33.8889%; text-align: center;\"><strong>N\/A<\/strong><\/td>\n<\/tr>\n<\/tbody>\n<\/table>\n<p>Une s\u00e9ance sera organis\u00e9e le dimanche matin selon disponibilit\u00e9s et un tarif \u00e0\u00a0 la s\u00e9ance sp\u00e9cifique sera appliqu\u00e9.<\/p>\n<p><span style=\"color: #339966;\">* Tarif r\u00e9duit applicable aux personnes de moins de 25 ans.<\/span><br \/>** Les forfaits et les cartes de 10 s\u00e9ances ne sont disponibles que pour les adh\u00e9rents \u00e0 jour de leur cotisation annuelle.<\/p>\n<p><strong>Licence FFSG\u00a0:<\/strong><\/p>\n<p>Pour pouvoir acc\u00e9der \u00e0 la glace, il est n\u00e9cessaire de disposer d\u2019une licence, a minima, F\u00e9d\u00e9rale. Le tarif de la licence F\u00e9d\u00e9rale Danse sur Glace ou Ballet est de <strong>41,46\u20ac<\/strong>. Le montant de la licence Comp\u00e9tition est de <strong>66,06\u20ac<\/strong>.<\/p>\n<p><span style=\"color: #800080;\">Attention<\/span> :<br \/>Pour obtenir une licence comp\u00e9tition, il est n\u00e9cessaire de pr\u00e9senter un certificat m\u00e9dical sp\u00e9cifiant que la pratique est autoris\u00e9e en comp\u00e9tition (sinon, un certificat m\u00e9dical avec la mention sp\u00e9cifique de \u00ab\u00a0pratique en comp\u00e9tition\u00a0\u00bb d\u00e9livr\u00e9 il y a moins de 3 ans, sera \u00e9galement valable).<\/p>","protected":false},"excerpt":{"rendered":"<p>Le CPAP reprendra ses activit\u00e9s \u00e0 compter du jeudi 5 septembre 2024 \u00e0 la patinoire d\u2019Asni\u00e8res. Le bulletin d&rsquo;inscription est disponible. vous pouvez le t\u00e9l\u00e9charger ici\u00a0et\u00a0 le remettre lors de votre premi\u00e8re s\u00e9ance \u00e0 un membre du comit\u00e9 ou le <a class=\"more-link\" href=\"http:\/\/cpaparis.org\/?page_id=1276\">Lire plus &#8230;<\/a><\/p>\n","protected":false},"author":7,"featured_media":0,"parent":0,"menu_order":41,"comment_status":"closed","ping_status":"closed","template":"","meta":{"_mc_calendar":[],"footnotes":""},"folder":[],"class_list":["post-1276","page","type-page","status-publish","hentry"],"yoast_head":"<!-- This site is optimized with the Yoast SEO plugin v26.2 - https:\/\/yoast.com\/wordpress\/plugins\/seo\/ -->\n<title>Inscriptions et tarifs 2024-2025 - Club de Patinage Adultes de Paris<\/title>\n<meta name=\"robots\" content=\"index, follow, max-snippet:-1, max-image-preview:large, max-video-preview:-1\" \/>\n<link rel=\"canonical\" href=\"https:\/\/cpaparis.org\/?page_id=1276\" \/>\n<meta property=\"og:locale\" content=\"fr_FR\" \/>\n<meta property=\"og:type\" content=\"article\" \/>\n<meta property=\"og:title\" content=\"Inscriptions et tarifs 2024-2025 - Club de Patinage Adultes de Paris\" \/>\n<meta property=\"og:description\" content=\"Le CPAP reprendra ses activit\u00e9s \u00e0 compter du jeudi 5 septembre 2024 \u00e0 la patinoire d\u2019Asni\u00e8res. Le bulletin d&rsquo;inscription est disponible. vous pouvez le t\u00e9l\u00e9charger ici\u00a0et\u00a0 le remettre lors de votre premi\u00e8re s\u00e9ance \u00e0 un membre du comit\u00e9 ou le Lire plus ...\" \/>\n<meta property=\"og:url\" content=\"https:\/\/cpaparis.org\/?page_id=1276\" \/>\n<meta property=\"og:site_name\" content=\"Club de Patinage Adultes de Paris\" \/>\n<meta property=\"article:modified_time\" content=\"2026-04-22T15:32:34+00:00\" \/>\n<meta property=\"og:image\" content=\"http:\/\/cpaparis.org\/wp-content\/uploads\/2023\/08\/groupe-1024x768.jpg\" \/>\n<meta name=\"twitter:card\" content=\"summary_large_image\" \/>\n<meta name=\"twitter:label1\" content=\"Dur\u00e9e de lecture estim\u00e9e\" \/>\n\t<meta name=\"twitter:data1\" content=\"2 minutes\" \/>\n<script type=\"application\/ld+json\" class=\"yoast-schema-graph\">{\"@context\":\"https:\/\/schema.org\",\"@graph\":[{\"@type\":\"WebPage\",\"@id\":\"https:\/\/cpaparis.org\/?page_id=1276\",\"url\":\"https:\/\/cpaparis.org\/?page_id=1276\",\"name\":\"Inscriptions et tarifs 2024-2025 - Club de Patinage Adultes de Paris\",\"isPartOf\":{\"@id\":\"http:\/\/cpaparis.org\/#website\"},\"primaryImageOfPage\":{\"@id\":\"https:\/\/cpaparis.org\/?page_id=1276#primaryimage\"},\"image\":{\"@id\":\"https:\/\/cpaparis.org\/?page_id=1276#primaryimage\"},\"thumbnailUrl\":\"http:\/\/cpaparis.org\/wp-content\/uploads\/2023\/08\/groupe-1024x768.jpg\",\"datePublished\":\"2024-09-04T13:19:26+00:00\",\"dateModified\":\"2026-04-22T15:32:34+00:00\",\"breadcrumb\":{\"@id\":\"https:\/\/cpaparis.org\/?page_id=1276#breadcrumb\"},\"inLanguage\":\"fr-FR\",\"potentialAction\":[{\"@type\":\"ReadAction\",\"target\":[\"https:\/\/cpaparis.org\/?page_id=1276\"]}]},{\"@type\":\"ImageObject\",\"inLanguage\":\"fr-FR\",\"@id\":\"https:\/\/cpaparis.org\/?page_id=1276#primaryimage\",\"url\":\"http:\/\/cpaparis.org\/wp-content\/uploads\/2023\/08\/groupe-scaled.jpg\",\"contentUrl\":\"http:\/\/cpaparis.org\/wp-content\/uploads\/2023\/08\/groupe-scaled.jpg\",\"width\":2560,\"height\":1920,\"caption\":\"Des patineurs heureux\"},{\"@type\":\"BreadcrumbList\",\"@id\":\"https:\/\/cpaparis.org\/?page_id=1276#breadcrumb\",\"itemListElement\":[{\"@type\":\"ListItem\",\"position\":1,\"name\":\"Accueil\",\"item\":\"http:\/\/cpaparis.org\/\"},{\"@type\":\"ListItem\",\"position\":2,\"name\":\"Inscriptions et tarifs 2024-2025\"}]},{\"@type\":\"WebSite\",\"@id\":\"http:\/\/cpaparis.org\/#website\",\"url\":\"http:\/\/cpaparis.org\/\",\"name\":\"Club de Patinage Adultes de Paris\",\"description\":\"Labellis\u00e9 \u00e9cole de glace par la F\u00e9d\u00e9ration Fran\u00e7aise des Sports de Glace\",\"publisher\":{\"@id\":\"http:\/\/cpaparis.org\/#organization\"},\"potentialAction\":[{\"@type\":\"SearchAction\",\"target\":{\"@type\":\"EntryPoint\",\"urlTemplate\":\"http:\/\/cpaparis.org\/?s={search_term_string}\"},\"query-input\":{\"@type\":\"PropertyValueSpecification\",\"valueRequired\":true,\"valueName\":\"search_term_string\"}}],\"inLanguage\":\"fr-FR\"},{\"@type\":\"Organization\",\"@id\":\"http:\/\/cpaparis.org\/#organization\",\"name\":\"Club de Patinage Adultes de Paris\",\"url\":\"http:\/\/cpaparis.org\/\",\"logo\":{\"@type\":\"ImageObject\",\"inLanguage\":\"fr-FR\",\"@id\":\"http:\/\/cpaparis.org\/#\/schema\/logo\/image\/\",\"url\":\"http:\/\/cpaparis.org\/wp-content\/uploads\/2019\/10\/cpap-transparent.png\",\"contentUrl\":\"http:\/\/cpaparis.org\/wp-content\/uploads\/2019\/10\/cpap-transparent.png\",\"width\":99,\"height\":48,\"caption\":\"Club de Patinage Adultes de Paris\"},\"image\":{\"@id\":\"http:\/\/cpaparis.org\/#\/schema\/logo\/image\/\"}}]}<\/script>\n<!-- \/ Yoast SEO plugin. -->","yoast_head_json":{"title":"Inscriptions et tarifs 2024-2025 - Club de Patinage Adultes de Paris","robots":{"index":"index","follow":"follow","max-snippet":"max-snippet:-1","max-image-preview":"max-image-preview:large","max-video-preview":"max-video-preview:-1"},"canonical":"https:\/\/cpaparis.org\/?page_id=1276","og_locale":"fr_FR","og_type":"article","og_title":"Inscriptions et tarifs 2024-2025 - Club de Patinage Adultes de Paris","og_description":"Le CPAP reprendra ses activit\u00e9s \u00e0 compter du jeudi 5 septembre 2024 \u00e0 la patinoire d\u2019Asni\u00e8res. Le bulletin d&rsquo;inscription est disponible. vous pouvez le t\u00e9l\u00e9charger ici\u00a0et\u00a0 le remettre lors de votre premi\u00e8re s\u00e9ance \u00e0 un membre du comit\u00e9 ou le Lire plus ...","og_url":"https:\/\/cpaparis.org\/?page_id=1276","og_site_name":"Club de Patinage Adultes de Paris","article_modified_time":"2026-04-22T15:32:34+00:00","og_image":[{"url":"http:\/\/cpaparis.org\/wp-content\/uploads\/2023\/08\/groupe-1024x768.jpg","type":"","width":"","height":""}],"twitter_card":"summary_large_image","twitter_misc":{"Dur\u00e9e de lecture estim\u00e9e":"2 minutes"},"schema":{"@context":"https:\/\/schema.org","@graph":[{"@type":"WebPage","@id":"https:\/\/cpaparis.org\/?page_id=1276","url":"https:\/\/cpaparis.org\/?page_id=1276","name":"Inscriptions et tarifs 2024-2025 - Club de Patinage Adultes de Paris","isPartOf":{"@id":"http:\/\/cpaparis.org\/#website"},"primaryImageOfPage":{"@id":"https:\/\/cpaparis.org\/?page_id=1276#primaryimage"},"image":{"@id":"https:\/\/cpaparis.org\/?page_id=1276#primaryimage"},"thumbnailUrl":"http:\/\/cpaparis.org\/wp-content\/uploads\/2023\/08\/groupe-1024x768.jpg","datePublished":"2024-09-04T13:19:26+00:00","dateModified":"2026-04-22T15:32:34+00:00","breadcrumb":{"@id":"https:\/\/cpaparis.org\/?page_id=1276#breadcrumb"},"inLanguage":"fr-FR","potentialAction":[{"@type":"ReadAction","target":["https:\/\/cpaparis.org\/?page_id=1276"]}]},{"@type":"ImageObject","inLanguage":"fr-FR","@id":"https:\/\/cpaparis.org\/?page_id=1276#primaryimage","url":"http:\/\/cpaparis.org\/wp-content\/uploads\/2023\/08\/groupe-scaled.jpg","contentUrl":"http:\/\/cpaparis.org\/wp-content\/uploads\/2023\/08\/groupe-scaled.jpg","width":2560,"height":1920,"caption":"Des patineurs heureux"},{"@type":"BreadcrumbList","@id":"https:\/\/cpaparis.org\/?page_id=1276#breadcrumb","itemListElement":[{"@type":"ListItem","position":1,"name":"Accueil","item":"http:\/\/cpaparis.org\/"},{"@type":"ListItem","position":2,"name":"Inscriptions et tarifs 2024-2025"}]},{"@type":"WebSite","@id":"http:\/\/cpaparis.org\/#website","url":"http:\/\/cpaparis.org\/","name":"Club de Patinage Adultes de Paris","description":"Labellis\u00e9 \u00e9cole de glace par la F\u00e9d\u00e9ration Fran\u00e7aise des Sports de Glace","publisher":{"@id":"http:\/\/cpaparis.org\/#organization"},"potentialAction":[{"@type":"SearchAction","target":{"@type":"EntryPoint","urlTemplate":"http:\/\/cpaparis.org\/?s={search_term_string}"},"query-input":{"@type":"PropertyValueSpecification","valueRequired":true,"valueName":"search_term_string"}}],"inLanguage":"fr-FR"},{"@type":"Organization","@id":"http:\/\/cpaparis.org\/#organization","name":"Club de Patinage Adultes de Paris","url":"http:\/\/cpaparis.org\/","logo":{"@type":"ImageObject","inLanguage":"fr-FR","@id":"http:\/\/cpaparis.org\/#\/schema\/logo\/image\/","url":"http:\/\/cpaparis.org\/wp-content\/uploads\/2019\/10\/cpap-transparent.png","contentUrl":"http:\/\/cpaparis.org\/wp-content\/uploads\/2019\/10\/cpap-transparent.png","width":99,"height":48,"caption":"Club de Patinage Adultes de Paris"},"image":{"@id":"http:\/\/cpaparis.org\/#\/schema\/logo\/image\/"}}]}},"_links":{"self":[{"href":"http:\/\/cpaparis.org\/index.php?rest_route=\/wp\/v2\/pages\/1276","targetHints":{"allow":["GET"]}}],"collection":[{"href":"http:\/\/cpaparis.org\/index.php?rest_route=\/wp\/v2\/pages"}],"about":[{"href":"http:\/\/cpaparis.org\/index.php?rest_route=\/wp\/v2\/types\/page"}],"author":[{"embeddable":true,"href":"http:\/\/cpaparis.org\/index.php?rest_route=\/wp\/v2\/users\/7"}],"replies":[{"embeddable":true,"href":"http:\/\/cpaparis.org\/index.php?rest_route=%2Fwp%2Fv2%2Fcomments&post=1276"}],"version-history":[{"count":13,"href":"http:\/\/cpaparis.org\/index.php?rest_route=\/wp\/v2\/pages\/1276\/revisions"}],"predecessor-version":[{"id":1939,"href":"http:\/\/cpaparis.org\/index.php?rest_route=\/wp\/v2\/pages\/1276\/revisions\/1939"}],"wp:attachment":[{"href":"http:\/\/cpaparis.org\/index.php?rest_route=%2Fwp%2Fv2%2Fmedia&parent=1276"}],"wp:term":[{"taxonomy":"folder","embeddable":true,"href":"http:\/\/cpaparis.org\/index.php?rest_route=%2Fwp%2Fv2%2Ffolder&post=1276"}],"curies":[{"name":"wp","href":"https:\/\/api.w.org\/{rel}","templated":true}]}}