{"id":1714,"date":"2024-10-01T18:01:04","date_gmt":"2024-10-01T16:01:04","guid":{"rendered":"http:\/\/cpaparis.org\/?page_id=1714"},"modified":"2026-04-22T17:32:32","modified_gmt":"2026-04-22T15:32:32","slug":"meribel-decembre-2024","status":"publish","type":"page","link":"http:\/\/cpaparis.org\/?page_id=1714","title":{"rendered":"M\u00e9ribel D\u00e9cembre 2024"},"content":{"rendered":"<div class=\"wpforms-container wpforms-container-full wpforms-block wpforms-block-5cd583f4-5efb-4a76-a163-01a29007ad96 wpforms-render-modern\" id=\"wpforms-1709\"><form id=\"wpforms-form-1709\" class=\"wpforms-validate wpforms-form wpforms-ajax-form\" data-formid=\"1709\" method=\"post\" enctype=\"multipart\/form-data\" action=\"\/index.php?rest_route=%2Fwp%2Fv2%2Fpages%2F1714\" data-token=\"e813b64e180f84f045f2e62e316a4196\" data-token-time=\"1779047654\"><noscript class=\"wpforms-error-noscript\">Veuillez activer JavaScript dans votre navigateur pour remplir ce formulaire.<\/noscript><div id=\"wpforms-error-noscript\" style=\"display: none;\">Veuillez activer JavaScript dans votre navigateur pour remplir ce formulaire.<\/div><div class=\"wpforms-field-container\"><div id=\"wpforms-1709-field_1-container\" class=\"wpforms-field wpforms-field-name\" data-field-id=\"1\"><fieldset><legend class=\"wpforms-field-label\">Nom <span class=\"wpforms-required-label\" aria-hidden=\"true\">*<\/span><\/legend><div class=\"wpforms-field-row wpforms-field-large\"><div class=\"wpforms-field-row-block wpforms-first wpforms-one-half\"><input type=\"text\" id=\"wpforms-1709-field_1\" class=\"wpforms-field-name-first wpforms-field-required\" name=\"wpforms[fields][1][first]\" aria-errormessage=\"wpforms-1709-field_1-error\" required><label for=\"wpforms-1709-field_1\" class=\"wpforms-field-sublabel after\">Pr\u00e9nom<\/label><\/div><div class=\"wpforms-field-row-block wpforms-one-half\"><input type=\"text\" id=\"wpforms-1709-field_1-last\" class=\"wpforms-field-name-last wpforms-field-required\" name=\"wpforms[fields][1][last]\" aria-errormessage=\"wpforms-1709-field_1-last-error\" required><label for=\"wpforms-1709-field_1-last\" class=\"wpforms-field-sublabel after\">Nom<\/label><\/div><\/div><\/fieldset><\/div>\t\t<div id=\"wpforms-1709-field_4-container\"\n\t\t\tclass=\"wpforms-field wpforms-field-text\"\n\t\t\tdata-field-type=\"text\"\n\t\t\tdata-field-id=\"4\"\n\t\t\t>\n\t\t\t<label class=\"wpforms-field-label\" for=\"wpforms-1709-field_4\" >Je  stage<\/label>\n\t\t\t<input type=\"text\" id=\"wpforms-1709-field_4\" class=\"wpforms-field-medium\" name=\"wpforms[fields][4]\" >\n\t\t<\/div>\n\t\t<div id=\"wpforms-1709-field_2-container\" class=\"wpforms-field wpforms-field-email\" data-field-id=\"2\"><label class=\"wpforms-field-label\" for=\"wpforms-1709-field_2\">E-mail <span class=\"wpforms-required-label\" aria-hidden=\"true\">*<\/span><\/label><input type=\"email\" id=\"wpforms-1709-field_2\" class=\"wpforms-field-medium wpforms-field-required\" name=\"wpforms[fields][2]\" spellcheck=\"false\" aria-errormessage=\"wpforms-1709-field_2-error\" required><\/div><div id=\"wpforms-1709-field_3-container\" class=\"wpforms-field wpforms-field-textarea\" data-field-id=\"3\"><label class=\"wpforms-field-label\" for=\"wpforms-1709-field_3\">Je souhaite avoir des pr\u00e9cisions sur le stage <\/label><textarea id=\"wpforms-1709-field_3\" class=\"wpforms-field-medium\" name=\"wpforms[fields][3]\" aria-errormessage=\"wpforms-1709-field_3-error\" ><\/textarea><\/div><script>\n\t\t\t\t( function() {\n\t\t\t\t\tconst style = document.createElement( 'style' );\n\t\t\t\t\tstyle.appendChild( document.createTextNode( '#wpforms-1709-field_4-container { position: absolute !important; overflow: hidden !important; display: inline !important; height: 1px !important; width: 1px !important; z-index: -1000 !important; padding: 0 !important; } #wpforms-1709-field_4-container input { visibility: hidden; } #wpforms-conversational-form-page #wpforms-1709-field_4-container label { counter-increment: none; }' ) );\n\t\t\t\t\tdocument.head.appendChild( style );\n\t\t\t\t\tdocument.currentScript?.remove();\n\t\t\t\t} )();\n\t\t\t<\/script><\/div><!-- .wpforms-field-container --><div class=\"wpforms-recaptcha-container wpforms-is-recaptcha wpforms-is-recaptcha-type-v2\" ><div class=\"g-recaptcha\" data-sitekey=\"6LeEqqkpAAAAAPbJlZ5YNWBNbMbsDlqCmfenoWAf\"><\/div><input type=\"text\" name=\"g-recaptcha-hidden\" class=\"wpforms-recaptcha-hidden\" style=\"position:absolute!important;clip:rect(0,0,0,0)!important;height:1px!important;width:1px!important;border:0!important;overflow:hidden!important;padding:0!important;margin:0!important;\" data-rule-recaptcha=\"1\"><\/div><div class=\"wpforms-submit-container\" ><input type=\"hidden\" name=\"wpforms[id]\" value=\"1709\"><input type=\"hidden\" name=\"page_title\" value=\"\"><input type=\"hidden\" name=\"page_url\" value=\"http:\/\/cpaparis.org\/index.php?rest_route=\/wp\/v2\/pages\/1714\"><input type=\"hidden\" name=\"url_referer\" value=\"\"><button type=\"submit\" name=\"wpforms[submit]\" id=\"wpforms-submit-1709\" class=\"wpforms-submit\" data-alt-text=\"Envoi...\" data-submit-text=\"Envoyer\" aria-live=\"assertive\" value=\"wpforms-submit\">Envoyer<\/button><img loading=\"lazy\" decoding=\"async\" src=\"http:\/\/cpaparis.org\/wp-content\/plugins\/wpforms-lite\/assets\/images\/submit-spin.svg\" class=\"wpforms-submit-spinner\" style=\"display: none;\" width=\"26\" height=\"26\" alt=\"Chargement en cours\"><\/div><\/form><\/div>  <!-- .wpforms-container -->","protected":false},"excerpt":{"rendered":"","protected":false},"author":3,"featured_media":0,"parent":0,"menu_order":13,"comment_status":"closed","ping_status":"closed","template":"","meta":{"_mc_calendar":[],"footnotes":""},"folder":[],"class_list":["post-1714","page","type-page","status-publish","hentry"],"yoast_head":"<!-- This site is optimized with the Yoast SEO plugin v26.2 - https:\/\/yoast.com\/wordpress\/plugins\/seo\/ -->\n<title>M\u00e9ribel D\u00e9cembre 2024 - Club de Patinage Adultes de Paris<\/title>\n<meta name=\"robots\" content=\"index, follow, max-snippet:-1, max-image-preview:large, max-video-preview:-1\" \/>\n<link rel=\"canonical\" href=\"https:\/\/cpaparis.org\/?page_id=1714\" \/>\n<meta property=\"og:locale\" content=\"fr_FR\" \/>\n<meta property=\"og:type\" content=\"article\" \/>\n<meta property=\"og:title\" content=\"M\u00e9ribel D\u00e9cembre 2024 - Club de Patinage Adultes de Paris\" \/>\n<meta property=\"og:url\" content=\"https:\/\/cpaparis.org\/?page_id=1714\" \/>\n<meta property=\"og:site_name\" content=\"Club de Patinage Adultes de Paris\" \/>\n<meta property=\"article:modified_time\" content=\"2026-04-22T15:32:32+00:00\" \/>\n<meta name=\"twitter:card\" content=\"summary_large_image\" \/>\n<script type=\"application\/ld+json\" class=\"yoast-schema-graph\">{\"@context\":\"https:\/\/schema.org\",\"@graph\":[{\"@type\":\"WebPage\",\"@id\":\"https:\/\/cpaparis.org\/?page_id=1714\",\"url\":\"https:\/\/cpaparis.org\/?page_id=1714\",\"name\":\"M\u00e9ribel D\u00e9cembre 2024 - Club de Patinage Adultes de Paris\",\"isPartOf\":{\"@id\":\"http:\/\/cpaparis.org\/#website\"},\"datePublished\":\"2024-10-01T16:01:04+00:00\",\"dateModified\":\"2026-04-22T15:32:32+00:00\",\"breadcrumb\":{\"@id\":\"https:\/\/cpaparis.org\/?page_id=1714#breadcrumb\"},\"inLanguage\":\"fr-FR\",\"potentialAction\":[{\"@type\":\"ReadAction\",\"target\":[\"https:\/\/cpaparis.org\/?page_id=1714\"]}]},{\"@type\":\"BreadcrumbList\",\"@id\":\"https:\/\/cpaparis.org\/?page_id=1714#breadcrumb\",\"itemListElement\":[{\"@type\":\"ListItem\",\"position\":1,\"name\":\"Accueil\",\"item\":\"http:\/\/cpaparis.org\/\"},{\"@type\":\"ListItem\",\"position\":2,\"name\":\"M\u00e9ribel D\u00e9cembre 2024\"}]},{\"@type\":\"WebSite\",\"@id\":\"http:\/\/cpaparis.org\/#website\",\"url\":\"http:\/\/cpaparis.org\/\",\"name\":\"Club de Patinage Adultes de Paris\",\"description\":\"Labellis\u00e9 \u00e9cole de glace par la F\u00e9d\u00e9ration Fran\u00e7aise des Sports de Glace\",\"publisher\":{\"@id\":\"http:\/\/cpaparis.org\/#organization\"},\"potentialAction\":[{\"@type\":\"SearchAction\",\"target\":{\"@type\":\"EntryPoint\",\"urlTemplate\":\"http:\/\/cpaparis.org\/?s={search_term_string}\"},\"query-input\":{\"@type\":\"PropertyValueSpecification\",\"valueRequired\":true,\"valueName\":\"search_term_string\"}}],\"inLanguage\":\"fr-FR\"},{\"@type\":\"Organization\",\"@id\":\"http:\/\/cpaparis.org\/#organization\",\"name\":\"Club de Patinage Adultes de Paris\",\"url\":\"http:\/\/cpaparis.org\/\",\"logo\":{\"@type\":\"ImageObject\",\"inLanguage\":\"fr-FR\",\"@id\":\"http:\/\/cpaparis.org\/#\/schema\/logo\/image\/\",\"url\":\"http:\/\/cpaparis.org\/wp-content\/uploads\/2019\/10\/cpap-transparent.png\",\"contentUrl\":\"http:\/\/cpaparis.org\/wp-content\/uploads\/2019\/10\/cpap-transparent.png\",\"width\":99,\"height\":48,\"caption\":\"Club de Patinage Adultes de Paris\"},\"image\":{\"@id\":\"http:\/\/cpaparis.org\/#\/schema\/logo\/image\/\"}}]}<\/script>\n<!-- \/ Yoast SEO plugin. -->","yoast_head_json":{"title":"M\u00e9ribel D\u00e9cembre 2024 - Club de Patinage Adultes de Paris","robots":{"index":"index","follow":"follow","max-snippet":"max-snippet:-1","max-image-preview":"max-image-preview:large","max-video-preview":"max-video-preview:-1"},"canonical":"https:\/\/cpaparis.org\/?page_id=1714","og_locale":"fr_FR","og_type":"article","og_title":"M\u00e9ribel D\u00e9cembre 2024 - Club de Patinage Adultes de Paris","og_url":"https:\/\/cpaparis.org\/?page_id=1714","og_site_name":"Club de Patinage Adultes de Paris","article_modified_time":"2026-04-22T15:32:32+00:00","twitter_card":"summary_large_image","schema":{"@context":"https:\/\/schema.org","@graph":[{"@type":"WebPage","@id":"https:\/\/cpaparis.org\/?page_id=1714","url":"https:\/\/cpaparis.org\/?page_id=1714","name":"M\u00e9ribel D\u00e9cembre 2024 - Club de Patinage Adultes de Paris","isPartOf":{"@id":"http:\/\/cpaparis.org\/#website"},"datePublished":"2024-10-01T16:01:04+00:00","dateModified":"2026-04-22T15:32:32+00:00","breadcrumb":{"@id":"https:\/\/cpaparis.org\/?page_id=1714#breadcrumb"},"inLanguage":"fr-FR","potentialAction":[{"@type":"ReadAction","target":["https:\/\/cpaparis.org\/?page_id=1714"]}]},{"@type":"BreadcrumbList","@id":"https:\/\/cpaparis.org\/?page_id=1714#breadcrumb","itemListElement":[{"@type":"ListItem","position":1,"name":"Accueil","item":"http:\/\/cpaparis.org\/"},{"@type":"ListItem","position":2,"name":"M\u00e9ribel D\u00e9cembre 2024"}]},{"@type":"WebSite","@id":"http:\/\/cpaparis.org\/#website","url":"http:\/\/cpaparis.org\/","name":"Club de Patinage Adultes de Paris","description":"Labellis\u00e9 \u00e9cole de glace par la F\u00e9d\u00e9ration Fran\u00e7aise des Sports de Glace","publisher":{"@id":"http:\/\/cpaparis.org\/#organization"},"potentialAction":[{"@type":"SearchAction","target":{"@type":"EntryPoint","urlTemplate":"http:\/\/cpaparis.org\/?s={search_term_string}"},"query-input":{"@type":"PropertyValueSpecification","valueRequired":true,"valueName":"search_term_string"}}],"inLanguage":"fr-FR"},{"@type":"Organization","@id":"http:\/\/cpaparis.org\/#organization","name":"Club de Patinage Adultes de Paris","url":"http:\/\/cpaparis.org\/","logo":{"@type":"ImageObject","inLanguage":"fr-FR","@id":"http:\/\/cpaparis.org\/#\/schema\/logo\/image\/","url":"http:\/\/cpaparis.org\/wp-content\/uploads\/2019\/10\/cpap-transparent.png","contentUrl":"http:\/\/cpaparis.org\/wp-content\/uploads\/2019\/10\/cpap-transparent.png","width":99,"height":48,"caption":"Club de Patinage Adultes de Paris"},"image":{"@id":"http:\/\/cpaparis.org\/#\/schema\/logo\/image\/"}}]}},"_links":{"self":[{"href":"http:\/\/cpaparis.org\/index.php?rest_route=\/wp\/v2\/pages\/1714","targetHints":{"allow":["GET"]}}],"collection":[{"href":"http:\/\/cpaparis.org\/index.php?rest_route=\/wp\/v2\/pages"}],"about":[{"href":"http:\/\/cpaparis.org\/index.php?rest_route=\/wp\/v2\/types\/page"}],"author":[{"embeddable":true,"href":"http:\/\/cpaparis.org\/index.php?rest_route=\/wp\/v2\/users\/3"}],"replies":[{"embeddable":true,"href":"http:\/\/cpaparis.org\/index.php?rest_route=%2Fwp%2Fv2%2Fcomments&post=1714"}],"version-history":[{"count":1,"href":"http:\/\/cpaparis.org\/index.php?rest_route=\/wp\/v2\/pages\/1714\/revisions"}],"predecessor-version":[{"id":1715,"href":"http:\/\/cpaparis.org\/index.php?rest_route=\/wp\/v2\/pages\/1714\/revisions\/1715"}],"wp:attachment":[{"href":"http:\/\/cpaparis.org\/index.php?rest_route=%2Fwp%2Fv2%2Fmedia&parent=1714"}],"wp:term":[{"taxonomy":"folder","embeddable":true,"href":"http:\/\/cpaparis.org\/index.php?rest_route=%2Fwp%2Fv2%2Ffolder&post=1714"}],"curies":[{"name":"wp","href":"https:\/\/api.w.org\/{rel}","templated":true}]}}