{"id":1986,"date":"2025-10-09T19:10:46","date_gmt":"2025-10-09T17:10:46","guid":{"rendered":"http:\/\/cpaparis.org\/?page_id=1986"},"modified":"2025-10-27T16:40:34","modified_gmt":"2025-10-27T15:40:34","slug":"comment-apprendre-les-danses-imposees","status":"publish","type":"page","link":"http:\/\/cpaparis.org\/?page_id=1986","title":{"rendered":"Comment apprendre les danses impos\u00e9es?"},"content":{"rendered":"\n<p><mark><strong>Cette page va s&rsquo;enrichir au fur et a mesure.<\/strong><\/mark><br>Le CPAP est un club de danse sur glace. nous vous proposons plusieurs formules pour apprendre ou vous perfectionner. Les cours sont assur\u00e9s par des professeurs dipl\u00f4m\u00e9s et exp\u00e9riment\u00e9s.<br>En compl\u00e9ment des cours qui sont disponibles lors des s\u00e9ances du club,<br>vous trouverez ici des informations pour un travail personnel qui vous permettra d&rsquo;avancer plus rapidement dans la connaissance des danses impos\u00e9es.<\/p>\n\n\n\n<p>La plupart des danses sont repr\u00e9sent\u00e9es par des sch\u00e9mas avec une codifications de la s\u00e9quence des pas, des explications et il existe des vid\u00e9os sur internet tr\u00e8s explicatives (pas, ralenti, timing, difficult\u00e9s&#8230;)<br>vous trouverez ci dessous des liens pour les danses pratiqu\u00e9es au CPAP.<br>Pour commencer, nous vous conseillons de t\u00e9l\u00e9charger et d &lsquo;imprimer (une feuille) la liste des <a href=\"http:\/\/cpaparis.org\/wp-content\/uploads\/2025\/10\/Liste-abbreviations.pdf\" target=\"_blank\" rel=\"noopener\">abr\u00e9viations<\/a>.<\/p>\n<p>&nbsp;<\/p>\n\n\n\n<figure class=\"wp-block-table\"><table class=\"has-fixed-layout\"><tbody><tr><td>Tango Canasta<\/td><td><a href=\"http:\/\/cpaparis.org\/wp-content\/uploads\/2025\/10\/27.Tango_Canasta-Fr2023.pdf\" target=\"_blank\" rel=\"noreferrer noopener\">Sch\u00e9ma<\/a><\/td><td><a href=\"https:\/\/www.youtube.com\/watch?v=RIKwr7qtmWg&amp;t=26s\" target=\"_blank\" rel=\"noreferrer noopener\">Vid\u00e9o<\/a><\/td><\/tr><tr><td><\/td><td><\/td><td><\/td><\/tr><tr><td><\/td><td><\/td><td><\/td><\/tr><\/tbody><\/table><\/figure>\n\n\n","protected":false},"excerpt":{"rendered":"<p>Cette page va s&rsquo;enrichir au fur et a mesure.Le CPAP est un club de danse sur glace. nous vous proposons plusieurs formules pour apprendre ou vous perfectionner. Les cours sont assur\u00e9s par des professeurs dipl\u00f4m\u00e9s et exp\u00e9riment\u00e9s.En compl\u00e9ment des cours <a class=\"more-link\" href=\"http:\/\/cpaparis.org\/?page_id=1986\">Lire plus &#8230;<\/a><\/p>\n","protected":false},"author":3,"featured_media":0,"parent":0,"menu_order":6,"comment_status":"closed","ping_status":"closed","template":"","meta":{"_mc_calendar":[],"footnotes":""},"folder":[],"class_list":["post-1986","page","type-page","status-publish","hentry"],"yoast_head":"<!-- This site is optimized with the Yoast SEO plugin v26.2 - https:\/\/yoast.com\/wordpress\/plugins\/seo\/ -->\n<title>Comment apprendre les danses impos\u00e9es? - Club de Patinage Adultes de Paris<\/title>\n<meta name=\"robots\" content=\"index, follow, max-snippet:-1, max-image-preview:large, max-video-preview:-1\" \/>\n<link rel=\"canonical\" href=\"http:\/\/cpaparis.org\/?page_id=1986\" \/>\n<meta property=\"og:locale\" content=\"fr_FR\" \/>\n<meta property=\"og:type\" content=\"article\" \/>\n<meta property=\"og:title\" content=\"Comment apprendre les danses impos\u00e9es? - Club de Patinage Adultes de Paris\" \/>\n<meta property=\"og:description\" content=\"Cette page va s&rsquo;enrichir au fur et a mesure.Le CPAP est un club de danse sur glace. nous vous proposons plusieurs formules pour apprendre ou vous perfectionner. Les cours sont assur\u00e9s par des professeurs dipl\u00f4m\u00e9s et exp\u00e9riment\u00e9s.En compl\u00e9ment des cours Lire plus ...\" \/>\n<meta property=\"og:url\" content=\"http:\/\/cpaparis.org\/?page_id=1986\" \/>\n<meta property=\"og:site_name\" content=\"Club de Patinage Adultes de Paris\" \/>\n<meta property=\"article:modified_time\" content=\"2025-10-27T15:40:34+00:00\" \/>\n<meta name=\"twitter:card\" content=\"summary_large_image\" \/>\n<meta name=\"twitter:label1\" content=\"Dur\u00e9e de lecture estim\u00e9e\" \/>\n\t<meta name=\"twitter:data1\" content=\"1 minute\" \/>\n<script type=\"application\/ld+json\" class=\"yoast-schema-graph\">{\"@context\":\"https:\/\/schema.org\",\"@graph\":[{\"@type\":\"WebPage\",\"@id\":\"http:\/\/cpaparis.org\/?page_id=1986\",\"url\":\"http:\/\/cpaparis.org\/?page_id=1986\",\"name\":\"Comment apprendre les danses impos\u00e9es? - Club de Patinage Adultes de Paris\",\"isPartOf\":{\"@id\":\"http:\/\/cpaparis.org\/#website\"},\"datePublished\":\"2025-10-09T17:10:46+00:00\",\"dateModified\":\"2025-10-27T15:40:34+00:00\",\"breadcrumb\":{\"@id\":\"http:\/\/cpaparis.org\/?page_id=1986#breadcrumb\"},\"inLanguage\":\"fr-FR\",\"potentialAction\":[{\"@type\":\"ReadAction\",\"target\":[\"http:\/\/cpaparis.org\/?page_id=1986\"]}]},{\"@type\":\"BreadcrumbList\",\"@id\":\"http:\/\/cpaparis.org\/?page_id=1986#breadcrumb\",\"itemListElement\":[{\"@type\":\"ListItem\",\"position\":1,\"name\":\"Accueil\",\"item\":\"http:\/\/cpaparis.org\/\"},{\"@type\":\"ListItem\",\"position\":2,\"name\":\"Comment apprendre les danses impos\u00e9es?\"}]},{\"@type\":\"WebSite\",\"@id\":\"http:\/\/cpaparis.org\/#website\",\"url\":\"http:\/\/cpaparis.org\/\",\"name\":\"Club de Patinage Adultes de Paris\",\"description\":\"Labellis\u00e9 \u00e9cole de glace par la F\u00e9d\u00e9ration Fran\u00e7aise des Sports de Glace\",\"publisher\":{\"@id\":\"http:\/\/cpaparis.org\/#organization\"},\"potentialAction\":[{\"@type\":\"SearchAction\",\"target\":{\"@type\":\"EntryPoint\",\"urlTemplate\":\"http:\/\/cpaparis.org\/?s={search_term_string}\"},\"query-input\":{\"@type\":\"PropertyValueSpecification\",\"valueRequired\":true,\"valueName\":\"search_term_string\"}}],\"inLanguage\":\"fr-FR\"},{\"@type\":\"Organization\",\"@id\":\"http:\/\/cpaparis.org\/#organization\",\"name\":\"Club de Patinage Adultes de Paris\",\"url\":\"http:\/\/cpaparis.org\/\",\"logo\":{\"@type\":\"ImageObject\",\"inLanguage\":\"fr-FR\",\"@id\":\"http:\/\/cpaparis.org\/#\/schema\/logo\/image\/\",\"url\":\"http:\/\/cpaparis.org\/wp-content\/uploads\/2019\/10\/cpap-transparent.png\",\"contentUrl\":\"http:\/\/cpaparis.org\/wp-content\/uploads\/2019\/10\/cpap-transparent.png\",\"width\":99,\"height\":48,\"caption\":\"Club de Patinage Adultes de Paris\"},\"image\":{\"@id\":\"http:\/\/cpaparis.org\/#\/schema\/logo\/image\/\"}}]}<\/script>\n<!-- \/ Yoast SEO plugin. -->","yoast_head_json":{"title":"Comment apprendre les danses impos\u00e9es? - Club de Patinage Adultes de Paris","robots":{"index":"index","follow":"follow","max-snippet":"max-snippet:-1","max-image-preview":"max-image-preview:large","max-video-preview":"max-video-preview:-1"},"canonical":"http:\/\/cpaparis.org\/?page_id=1986","og_locale":"fr_FR","og_type":"article","og_title":"Comment apprendre les danses impos\u00e9es? - Club de Patinage Adultes de Paris","og_description":"Cette page va s&rsquo;enrichir au fur et a mesure.Le CPAP est un club de danse sur glace. nous vous proposons plusieurs formules pour apprendre ou vous perfectionner. Les cours sont assur\u00e9s par des professeurs dipl\u00f4m\u00e9s et exp\u00e9riment\u00e9s.En compl\u00e9ment des cours Lire plus ...","og_url":"http:\/\/cpaparis.org\/?page_id=1986","og_site_name":"Club de Patinage Adultes de Paris","article_modified_time":"2025-10-27T15:40:34+00:00","twitter_card":"summary_large_image","twitter_misc":{"Dur\u00e9e de lecture estim\u00e9e":"1 minute"},"schema":{"@context":"https:\/\/schema.org","@graph":[{"@type":"WebPage","@id":"http:\/\/cpaparis.org\/?page_id=1986","url":"http:\/\/cpaparis.org\/?page_id=1986","name":"Comment apprendre les danses impos\u00e9es? - Club de Patinage Adultes de Paris","isPartOf":{"@id":"http:\/\/cpaparis.org\/#website"},"datePublished":"2025-10-09T17:10:46+00:00","dateModified":"2025-10-27T15:40:34+00:00","breadcrumb":{"@id":"http:\/\/cpaparis.org\/?page_id=1986#breadcrumb"},"inLanguage":"fr-FR","potentialAction":[{"@type":"ReadAction","target":["http:\/\/cpaparis.org\/?page_id=1986"]}]},{"@type":"BreadcrumbList","@id":"http:\/\/cpaparis.org\/?page_id=1986#breadcrumb","itemListElement":[{"@type":"ListItem","position":1,"name":"Accueil","item":"http:\/\/cpaparis.org\/"},{"@type":"ListItem","position":2,"name":"Comment apprendre les danses impos\u00e9es?"}]},{"@type":"WebSite","@id":"http:\/\/cpaparis.org\/#website","url":"http:\/\/cpaparis.org\/","name":"Club de Patinage Adultes de Paris","description":"Labellis\u00e9 \u00e9cole de glace par la F\u00e9d\u00e9ration Fran\u00e7aise des Sports de Glace","publisher":{"@id":"http:\/\/cpaparis.org\/#organization"},"potentialAction":[{"@type":"SearchAction","target":{"@type":"EntryPoint","urlTemplate":"http:\/\/cpaparis.org\/?s={search_term_string}"},"query-input":{"@type":"PropertyValueSpecification","valueRequired":true,"valueName":"search_term_string"}}],"inLanguage":"fr-FR"},{"@type":"Organization","@id":"http:\/\/cpaparis.org\/#organization","name":"Club de Patinage Adultes de Paris","url":"http:\/\/cpaparis.org\/","logo":{"@type":"ImageObject","inLanguage":"fr-FR","@id":"http:\/\/cpaparis.org\/#\/schema\/logo\/image\/","url":"http:\/\/cpaparis.org\/wp-content\/uploads\/2019\/10\/cpap-transparent.png","contentUrl":"http:\/\/cpaparis.org\/wp-content\/uploads\/2019\/10\/cpap-transparent.png","width":99,"height":48,"caption":"Club de Patinage Adultes de Paris"},"image":{"@id":"http:\/\/cpaparis.org\/#\/schema\/logo\/image\/"}}]}},"_links":{"self":[{"href":"http:\/\/cpaparis.org\/index.php?rest_route=\/wp\/v2\/pages\/1986","targetHints":{"allow":["GET"]}}],"collection":[{"href":"http:\/\/cpaparis.org\/index.php?rest_route=\/wp\/v2\/pages"}],"about":[{"href":"http:\/\/cpaparis.org\/index.php?rest_route=\/wp\/v2\/types\/page"}],"author":[{"embeddable":true,"href":"http:\/\/cpaparis.org\/index.php?rest_route=\/wp\/v2\/users\/3"}],"replies":[{"embeddable":true,"href":"http:\/\/cpaparis.org\/index.php?rest_route=%2Fwp%2Fv2%2Fcomments&post=1986"}],"version-history":[{"count":6,"href":"http:\/\/cpaparis.org\/index.php?rest_route=\/wp\/v2\/pages\/1986\/revisions"}],"predecessor-version":[{"id":1996,"href":"http:\/\/cpaparis.org\/index.php?rest_route=\/wp\/v2\/pages\/1986\/revisions\/1996"}],"wp:attachment":[{"href":"http:\/\/cpaparis.org\/index.php?rest_route=%2Fwp%2Fv2%2Fmedia&parent=1986"}],"wp:term":[{"taxonomy":"folder","embeddable":true,"href":"http:\/\/cpaparis.org\/index.php?rest_route=%2Fwp%2Fv2%2Ffolder&post=1986"}],"curies":[{"name":"wp","href":"https:\/\/api.w.org\/{rel}","templated":true}]}}