{"id":2059,"date":"2026-03-26T19:09:04","date_gmt":"2026-03-26T18:09:04","guid":{"rendered":"http:\/\/cpaparis.org\/?page_id=2059"},"modified":"2026-04-22T17:32:30","modified_gmt":"2026-04-22T15:32:30","slug":"stage-de-danse-sur-glace-meribel-2026","status":"publish","type":"page","link":"http:\/\/cpaparis.org\/?page_id=2059","title":{"rendered":"Stage de Danse sur Glace M\u00e9ribel 2026"},"content":{"rendered":"\n<figure class=\"wp-block-image size-large\"><img loading=\"lazy\" decoding=\"async\" width=\"1024\" height=\"768\" src=\"http:\/\/cpaparis.org\/wp-content\/uploads\/2026\/03\/IMG-20200806-WA0011-1024x768.jpg\" alt=\"\" class=\"wp-image-2067\" srcset=\"http:\/\/cpaparis.org\/wp-content\/uploads\/2026\/03\/IMG-20200806-WA0011-1024x768.jpg 1024w, http:\/\/cpaparis.org\/wp-content\/uploads\/2026\/03\/IMG-20200806-WA0011-300x225.jpg 300w, http:\/\/cpaparis.org\/wp-content\/uploads\/2026\/03\/IMG-20200806-WA0011-768x576.jpg 768w, http:\/\/cpaparis.org\/wp-content\/uploads\/2026\/03\/IMG-20200806-WA0011-1536x1152.jpg 1536w, http:\/\/cpaparis.org\/wp-content\/uploads\/2026\/03\/IMG-20200806-WA0011.jpg 1600w\" sizes=\"auto, (max-width: 1024px) 100vw, 1024px\" \/><\/figure>\n\n\n\n<p>Ludovic Deville vous propose son stage habituel de Danse sur glace \u00e0 M\u00e9ribel <strong>du 22 au 26 Ao\u00fbt 2026<\/strong>. La patinoire de dimension 60 X 30 est situ\u00e9 au centre de la station et <a href=\"https:\/\/www.hoteleterlou.com\/fr\/ete\/hotel-meribel\/\" target=\"_blank\" rel=\"noopener\">l&rsquo;h\u00f4tel Eterlou<\/a> est situ\u00e9 a 30M de la patinoire.<\/p>\n\n\n\n<p><strong>Au programme:<\/strong> Travail technique en musique sur les fondamentaux du patinage et de la danse sur glace, travail des \u00e9l\u00e9ments techniques de patinage libre, s\u00e9ances chor\u00e9graphiques.<br><strong>Au sol :<\/strong> marches, pr\u00e9paration physique et stretching en salle de danse et \/ou en ext\u00e9rieur. Activit\u00e9s du stage le matin de 8h30 \u00e0 12h00, laissant le temps pour les activit\u00e9s loisirs l&rsquo;ap\u00e8s midi (randonn\u00e9es, VTT, Tennis, Bowling, parapente, ping pong, \u00e9quitation, etc) et la d\u00e9tente au bord de la piscine et du SPA de l&rsquo;h\u00f4tel.<br><strong>Renseignements: <span style=\"color: #3366ff;\">Ludovicdeville@gmail.com<\/span><\/strong><\/p>\n\n\n\n<div class=\"wp-block-media-text is-stacked-on-mobile\"><figure class=\"wp-block-media-text__media\"><img loading=\"lazy\" decoding=\"async\" width=\"475\" height=\"354\" src=\"http:\/\/cpaparis.org\/wp-content\/uploads\/2026\/03\/Accro-branche.png\" alt=\"\" class=\"wp-image-2060 size-full\" srcset=\"http:\/\/cpaparis.org\/wp-content\/uploads\/2026\/03\/Accro-branche.png 475w, http:\/\/cpaparis.org\/wp-content\/uploads\/2026\/03\/Accro-branche-300x224.png 300w\" sizes=\"auto, (max-width: 475px) 100vw, 475px\" \/><\/figure><div class=\"wp-block-media-text__content\">\n<p>En compl\u00e9ment des 2 heures de cours sur glace du 22 au 26 Aout, vous pourrez pratiquer d&rsquo;autres activit\u00e9s sportives dans la station.<\/p>\n<\/div><\/div>\n\n\n\n<div class=\"wp-block-media-text has-media-on-the-right is-stacked-on-mobile\"><div class=\"wp-block-media-text__content\">\n<p>D&rsquo;autres activit\u00e9s de d\u00e9tentes et de relaxations \u00e0 l&rsquo;hotel Eterlou. Piscine, Jacuzzi, Sauna&#8230;.<\/p>\n<\/div><figure class=\"wp-block-media-text__media\"><img loading=\"lazy\" decoding=\"async\" width=\"548\" height=\"417\" src=\"http:\/\/cpaparis.org\/wp-content\/uploads\/2026\/03\/Piscine.png\" alt=\"\" class=\"wp-image-2061 size-full\" srcset=\"http:\/\/cpaparis.org\/wp-content\/uploads\/2026\/03\/Piscine.png 548w, http:\/\/cpaparis.org\/wp-content\/uploads\/2026\/03\/Piscine-300x228.png 300w\" sizes=\"auto, (max-width: 548px) 100vw, 548px\" \/><\/figure><\/div>\n\n\n\n<div class=\"wp-block-media-text is-stacked-on-mobile\"><figure class=\"wp-block-media-text__media\"><img loading=\"lazy\" decoding=\"async\" width=\"506\" height=\"377\" src=\"http:\/\/cpaparis.org\/wp-content\/uploads\/2026\/03\/Apero.png\" alt=\"\" class=\"wp-image-2063 size-full\" srcset=\"http:\/\/cpaparis.org\/wp-content\/uploads\/2026\/03\/Apero.png 506w, http:\/\/cpaparis.org\/wp-content\/uploads\/2026\/03\/Apero-300x224.png 300w\" sizes=\"auto, (max-width: 506px) 100vw, 506px\" \/><\/figure><div class=\"wp-block-media-text__content\">\n<p>En fin d&rsquo;apr\u00e8s midi, l&rsquo;\u00e9quipe se retrouve pour un moment de convivialit\u00e9 au bord de la rivi\u00e8re qui traverse la station.<\/p>\n<\/div><\/div>\n\n\n\n<table style=\"width: 100%; border-collapse: collapse; border-style: solid; border-color: #3a7bf2; height: 168px;\">\n<tbody>\n<tr style=\"height: 43px;\">\n<td style=\"width: 84.4444%; border-style: solid; border-color: #3a7bf2; height: 43px;\">\n<h2><span style=\"color: #00ccff;\">Tarifs<\/span><\/h2>\n<\/td>\n<td style=\"width: 15.5556%; border-style: solid; border-color: #3a7bf2; height: 43px;\">\u00a0<\/td>\n<\/tr>\n<tr style=\"height: 125px;\">\n<td style=\"width: 84.4444%; border-style: solid; border-color: #3a7bf2; height: 125px;\">\n<h3><span style=\"color: #000000;\">Adh\u00e9rent CPAP<\/span><br \/><span style=\"color: #000000;\">Autres clubs<\/span><br \/><span style=\"color: #000000;\">5 nuits en pension compl\u00e8te single<\/span><br \/><span style=\"color: #000000;\">5 nuits en pension compl\u00e8te double<\/span><\/h3>\n<\/td>\n<td style=\"width: 15.5556%; border-color: #3a7bf2; border-style: solid; height: 125px;\">\n<h3><span style=\"color: #00ccff;\">350 \u20ac<\/span><br \/><span style=\"color: #00ccff;\">375 \u20ac<\/span><br \/><span style=\"color: #00ccff;\">525 \u20ac<\/span><br \/><span style=\"color: #00ccff;\">450 \u20ac<\/span><\/h3>\n<\/td>\n<\/tr>\n<\/tbody>\n<\/table>\n\n\n\n\n\n<div class=\"wp-block-media-text is-stacked-on-mobile\"><figure class=\"wp-block-media-text__media\"><img loading=\"lazy\" decoding=\"async\" width=\"274\" height=\"233\" src=\"http:\/\/cpaparis.org\/wp-content\/uploads\/2026\/03\/logo2.png\" alt=\"\" class=\"wp-image-2068 size-full\"\/><\/figure><div class=\"wp-block-media-text__content\">\n<p>Remplir et renvoyer la fiche d&rsquo;inscription<\/p>\n\n\n\n<div class=\"wp-block-buttons is-layout-flex wp-block-buttons-is-layout-flex\">\n<div class=\"wp-block-button\"><a class=\"wp-block-button__link wp-element-button\" href=\"http:\/\/www.cpaparis.org\/Documents\/meribelete2026.pdf\" target=\"_blank\" rel=\"noreferrer noopener\"><strong>Plaquette et inscription<\/strong><\/a><\/div>\n<\/div>\n<\/div><\/div>\n","protected":false},"excerpt":{"rendered":"<p>Ludovic Deville vous propose son stage habituel de Danse sur glace \u00e0 M\u00e9ribel du 22 au 26 Ao\u00fbt 2026. La patinoire de dimension 60 X 30 est situ\u00e9 au centre de la station et l&rsquo;h\u00f4tel Eterlou est situ\u00e9 a 30M <a class=\"more-link\" href=\"http:\/\/cpaparis.org\/?page_id=2059\">Lire plus &#8230;<\/a><\/p>\n","protected":false},"author":3,"featured_media":0,"parent":0,"menu_order":2,"comment_status":"closed","ping_status":"closed","template":"","meta":{"_mc_calendar":[],"footnotes":""},"folder":[],"class_list":["post-2059","page","type-page","status-publish","hentry"],"yoast_head":"<!-- This site is optimized with the Yoast SEO plugin v26.2 - https:\/\/yoast.com\/wordpress\/plugins\/seo\/ -->\n<title>Stage de Danse sur Glace M\u00e9ribel 2026 - Club de Patinage Adultes de Paris<\/title>\n<meta name=\"robots\" content=\"index, follow, max-snippet:-1, max-image-preview:large, max-video-preview:-1\" \/>\n<link rel=\"canonical\" href=\"https:\/\/cpaparis.org\/?page_id=2059\" \/>\n<meta property=\"og:locale\" content=\"fr_FR\" \/>\n<meta property=\"og:type\" content=\"article\" \/>\n<meta property=\"og:title\" content=\"Stage de Danse sur Glace M\u00e9ribel 2026 - Club de Patinage Adultes de Paris\" \/>\n<meta property=\"og:description\" content=\"Ludovic Deville vous propose son stage habituel de Danse sur glace \u00e0 M\u00e9ribel du 22 au 26 Ao\u00fbt 2026. La patinoire de dimension 60 X 30 est situ\u00e9 au centre de la station et l&rsquo;h\u00f4tel Eterlou est situ\u00e9 a 30M Lire plus ...\" \/>\n<meta property=\"og:url\" content=\"https:\/\/cpaparis.org\/?page_id=2059\" \/>\n<meta property=\"og:site_name\" content=\"Club de Patinage Adultes de Paris\" \/>\n<meta property=\"article:modified_time\" content=\"2026-04-22T15:32:30+00:00\" \/>\n<meta property=\"og:image\" content=\"http:\/\/cpaparis.org\/wp-content\/uploads\/2026\/03\/IMG-20200806-WA0011-1024x768.jpg\" \/>\n<meta name=\"twitter:card\" content=\"summary_large_image\" \/>\n<meta name=\"twitter:label1\" content=\"Dur\u00e9e de lecture estim\u00e9e\" \/>\n\t<meta name=\"twitter:data1\" content=\"3 minutes\" \/>\n<script type=\"application\/ld+json\" class=\"yoast-schema-graph\">{\"@context\":\"https:\/\/schema.org\",\"@graph\":[{\"@type\":\"WebPage\",\"@id\":\"https:\/\/cpaparis.org\/?page_id=2059\",\"url\":\"https:\/\/cpaparis.org\/?page_id=2059\",\"name\":\"Stage de Danse sur Glace M\u00e9ribel 2026 - Club de Patinage Adultes de Paris\",\"isPartOf\":{\"@id\":\"https:\/\/cpaparis.org\/#website\"},\"primaryImageOfPage\":{\"@id\":\"https:\/\/cpaparis.org\/?page_id=2059#primaryimage\"},\"image\":{\"@id\":\"https:\/\/cpaparis.org\/?page_id=2059#primaryimage\"},\"thumbnailUrl\":\"http:\/\/cpaparis.org\/wp-content\/uploads\/2026\/03\/IMG-20200806-WA0011-1024x768.jpg\",\"datePublished\":\"2026-03-26T18:09:04+00:00\",\"dateModified\":\"2026-04-22T15:32:30+00:00\",\"breadcrumb\":{\"@id\":\"https:\/\/cpaparis.org\/?page_id=2059#breadcrumb\"},\"inLanguage\":\"fr-FR\",\"potentialAction\":[{\"@type\":\"ReadAction\",\"target\":[\"https:\/\/cpaparis.org\/?page_id=2059\"]}]},{\"@type\":\"ImageObject\",\"inLanguage\":\"fr-FR\",\"@id\":\"https:\/\/cpaparis.org\/?page_id=2059#primaryimage\",\"url\":\"http:\/\/cpaparis.org\/wp-content\/uploads\/2026\/03\/IMG-20200806-WA0011.jpg\",\"contentUrl\":\"http:\/\/cpaparis.org\/wp-content\/uploads\/2026\/03\/IMG-20200806-WA0011.jpg\",\"width\":1600,\"height\":1200},{\"@type\":\"BreadcrumbList\",\"@id\":\"https:\/\/cpaparis.org\/?page_id=2059#breadcrumb\",\"itemListElement\":[{\"@type\":\"ListItem\",\"position\":1,\"name\":\"Accueil\",\"item\":\"https:\/\/cpaparis.org\/\"},{\"@type\":\"ListItem\",\"position\":2,\"name\":\"Stage de Danse sur Glace M\u00e9ribel 2026\"}]},{\"@type\":\"WebSite\",\"@id\":\"https:\/\/cpaparis.org\/#website\",\"url\":\"https:\/\/cpaparis.org\/\",\"name\":\"Club de Patinage Adultes de Paris\",\"description\":\"Labellis\u00e9 \u00e9cole de glace par la F\u00e9d\u00e9ration Fran\u00e7aise des Sports de Glace\",\"publisher\":{\"@id\":\"https:\/\/cpaparis.org\/#organization\"},\"potentialAction\":[{\"@type\":\"SearchAction\",\"target\":{\"@type\":\"EntryPoint\",\"urlTemplate\":\"https:\/\/cpaparis.org\/?s={search_term_string}\"},\"query-input\":{\"@type\":\"PropertyValueSpecification\",\"valueRequired\":true,\"valueName\":\"search_term_string\"}}],\"inLanguage\":\"fr-FR\"},{\"@type\":\"Organization\",\"@id\":\"https:\/\/cpaparis.org\/#organization\",\"name\":\"Club de Patinage Adultes de Paris\",\"url\":\"https:\/\/cpaparis.org\/\",\"logo\":{\"@type\":\"ImageObject\",\"inLanguage\":\"fr-FR\",\"@id\":\"https:\/\/cpaparis.org\/#\/schema\/logo\/image\/\",\"url\":\"http:\/\/cpaparis.org\/wp-content\/uploads\/2019\/10\/cpap-transparent.png\",\"contentUrl\":\"http:\/\/cpaparis.org\/wp-content\/uploads\/2019\/10\/cpap-transparent.png\",\"width\":99,\"height\":48,\"caption\":\"Club de Patinage Adultes de Paris\"},\"image\":{\"@id\":\"https:\/\/cpaparis.org\/#\/schema\/logo\/image\/\"}}]}<\/script>\n<!-- \/ Yoast SEO plugin. -->","yoast_head_json":{"title":"Stage de Danse sur Glace M\u00e9ribel 2026 - Club de Patinage Adultes de Paris","robots":{"index":"index","follow":"follow","max-snippet":"max-snippet:-1","max-image-preview":"max-image-preview:large","max-video-preview":"max-video-preview:-1"},"canonical":"https:\/\/cpaparis.org\/?page_id=2059","og_locale":"fr_FR","og_type":"article","og_title":"Stage de Danse sur Glace M\u00e9ribel 2026 - Club de Patinage Adultes de Paris","og_description":"Ludovic Deville vous propose son stage habituel de Danse sur glace \u00e0 M\u00e9ribel du 22 au 26 Ao\u00fbt 2026. La patinoire de dimension 60 X 30 est situ\u00e9 au centre de la station et l&rsquo;h\u00f4tel Eterlou est situ\u00e9 a 30M Lire plus ...","og_url":"https:\/\/cpaparis.org\/?page_id=2059","og_site_name":"Club de Patinage Adultes de Paris","article_modified_time":"2026-04-22T15:32:30+00:00","og_image":[{"url":"http:\/\/cpaparis.org\/wp-content\/uploads\/2026\/03\/IMG-20200806-WA0011-1024x768.jpg","type":"","width":"","height":""}],"twitter_card":"summary_large_image","twitter_misc":{"Dur\u00e9e de lecture estim\u00e9e":"3 minutes"},"schema":{"@context":"https:\/\/schema.org","@graph":[{"@type":"WebPage","@id":"https:\/\/cpaparis.org\/?page_id=2059","url":"https:\/\/cpaparis.org\/?page_id=2059","name":"Stage de Danse sur Glace M\u00e9ribel 2026 - Club de Patinage Adultes de Paris","isPartOf":{"@id":"https:\/\/cpaparis.org\/#website"},"primaryImageOfPage":{"@id":"https:\/\/cpaparis.org\/?page_id=2059#primaryimage"},"image":{"@id":"https:\/\/cpaparis.org\/?page_id=2059#primaryimage"},"thumbnailUrl":"http:\/\/cpaparis.org\/wp-content\/uploads\/2026\/03\/IMG-20200806-WA0011-1024x768.jpg","datePublished":"2026-03-26T18:09:04+00:00","dateModified":"2026-04-22T15:32:30+00:00","breadcrumb":{"@id":"https:\/\/cpaparis.org\/?page_id=2059#breadcrumb"},"inLanguage":"fr-FR","potentialAction":[{"@type":"ReadAction","target":["https:\/\/cpaparis.org\/?page_id=2059"]}]},{"@type":"ImageObject","inLanguage":"fr-FR","@id":"https:\/\/cpaparis.org\/?page_id=2059#primaryimage","url":"http:\/\/cpaparis.org\/wp-content\/uploads\/2026\/03\/IMG-20200806-WA0011.jpg","contentUrl":"http:\/\/cpaparis.org\/wp-content\/uploads\/2026\/03\/IMG-20200806-WA0011.jpg","width":1600,"height":1200},{"@type":"BreadcrumbList","@id":"https:\/\/cpaparis.org\/?page_id=2059#breadcrumb","itemListElement":[{"@type":"ListItem","position":1,"name":"Accueil","item":"https:\/\/cpaparis.org\/"},{"@type":"ListItem","position":2,"name":"Stage de Danse sur Glace M\u00e9ribel 2026"}]},{"@type":"WebSite","@id":"https:\/\/cpaparis.org\/#website","url":"https:\/\/cpaparis.org\/","name":"Club de Patinage Adultes de Paris","description":"Labellis\u00e9 \u00e9cole de glace par la F\u00e9d\u00e9ration Fran\u00e7aise des Sports de Glace","publisher":{"@id":"https:\/\/cpaparis.org\/#organization"},"potentialAction":[{"@type":"SearchAction","target":{"@type":"EntryPoint","urlTemplate":"https:\/\/cpaparis.org\/?s={search_term_string}"},"query-input":{"@type":"PropertyValueSpecification","valueRequired":true,"valueName":"search_term_string"}}],"inLanguage":"fr-FR"},{"@type":"Organization","@id":"https:\/\/cpaparis.org\/#organization","name":"Club de Patinage Adultes de Paris","url":"https:\/\/cpaparis.org\/","logo":{"@type":"ImageObject","inLanguage":"fr-FR","@id":"https:\/\/cpaparis.org\/#\/schema\/logo\/image\/","url":"http:\/\/cpaparis.org\/wp-content\/uploads\/2019\/10\/cpap-transparent.png","contentUrl":"http:\/\/cpaparis.org\/wp-content\/uploads\/2019\/10\/cpap-transparent.png","width":99,"height":48,"caption":"Club de Patinage Adultes de Paris"},"image":{"@id":"https:\/\/cpaparis.org\/#\/schema\/logo\/image\/"}}]}},"_links":{"self":[{"href":"http:\/\/cpaparis.org\/index.php?rest_route=\/wp\/v2\/pages\/2059","targetHints":{"allow":["GET"]}}],"collection":[{"href":"http:\/\/cpaparis.org\/index.php?rest_route=\/wp\/v2\/pages"}],"about":[{"href":"http:\/\/cpaparis.org\/index.php?rest_route=\/wp\/v2\/types\/page"}],"author":[{"embeddable":true,"href":"http:\/\/cpaparis.org\/index.php?rest_route=\/wp\/v2\/users\/3"}],"replies":[{"embeddable":true,"href":"http:\/\/cpaparis.org\/index.php?rest_route=%2Fwp%2Fv2%2Fcomments&post=2059"}],"version-history":[{"count":10,"href":"http:\/\/cpaparis.org\/index.php?rest_route=\/wp\/v2\/pages\/2059\/revisions"}],"predecessor-version":[{"id":2080,"href":"http:\/\/cpaparis.org\/index.php?rest_route=\/wp\/v2\/pages\/2059\/revisions\/2080"}],"wp:attachment":[{"href":"http:\/\/cpaparis.org\/index.php?rest_route=%2Fwp%2Fv2%2Fmedia&parent=2059"}],"wp:term":[{"taxonomy":"folder","embeddable":true,"href":"http:\/\/cpaparis.org\/index.php?rest_route=%2Fwp%2Fv2%2Ffolder&post=2059"}],"curies":[{"name":"wp","href":"https:\/\/api.w.org\/{rel}","templated":true}]}}