{"id":2092,"date":"2026-04-22T18:34:59","date_gmt":"2026-04-22T16:34:59","guid":{"rendered":"http:\/\/cpaparis.org\/?page_id=2092"},"modified":"2026-04-22T18:35:00","modified_gmt":"2026-04-22T16:35:00","slug":"stage-a-toulon-du-10-au-14-aout-2026","status":"publish","type":"page","link":"http:\/\/cpaparis.org\/?page_id=2092","title":{"rendered":"Stage \u00e0 Toulon du 10 au 14 Ao\u00fbt 2026"},"content":{"rendered":"\n<figure class=\"wp-block-image size-full\"><img loading=\"lazy\" decoding=\"async\" width=\"946\" height=\"314\" src=\"http:\/\/cpaparis.org\/wp-content\/uploads\/2026\/04\/patinoire-toulon-stage.png\" alt=\"\" class=\"wp-image-2093\" srcset=\"http:\/\/cpaparis.org\/wp-content\/uploads\/2026\/04\/patinoire-toulon-stage.png 946w, http:\/\/cpaparis.org\/wp-content\/uploads\/2026\/04\/patinoire-toulon-stage-300x100.png 300w, http:\/\/cpaparis.org\/wp-content\/uploads\/2026\/04\/patinoire-toulon-stage-768x255.png 768w\" sizes=\"auto, (max-width: 946px) 100vw, 946px\" \/><\/figure>\n\n\n\n<p>Le CPAP vous propose un stage de Danse sur glace <strong>du 10 au 14 ao\u00fbt<\/strong> \u00e0 la patinoire de Toulon. Ce stage est ouvert aux patineurs de tous niveaux, de d\u00e9butants aux confirm\u00e9s. Vous pourrez vous travailler les techniques des fondamentaux du patinage et \u00e9galement vous perfectionner sur les danses impos\u00e9es<br \/><br \/><\/p>\n\n\n\n<div class=\"wp-block-media-text is-stacked-on-mobile\"><figure class=\"wp-block-media-text__media\"><img loading=\"lazy\" decoding=\"async\" width=\"234\" height=\"259\" src=\"http:\/\/cpaparis.org\/wp-content\/uploads\/2026\/04\/Kheliane-.png\" alt=\"\" class=\"wp-image-2094 size-full\"\/><\/figure><div class=\"wp-block-media-text__content\">\n<p><strong>Kh\u00e9liane Ubald<\/strong>, entraineur et sp\u00e9cialiste technique animera ce stage avec 2h30 de glace par jour ainsi qu&rsquo; 1heure de pr\u00e9paration physique au sol<br>Un programme d&rsquo;entrainements collectifs adapt\u00e9 aux besoins et objectifs de chacun.<\/p>\n<\/div><\/div>\n\n\n\n<div class=\"wp-block-media-text has-media-on-the-right is-stacked-on-mobile\"><div class=\"wp-block-media-text__content\">\n<p>Pendant votre temps libre, vous pourrez profiter des avantages de  la r\u00e9gion avec de nombreuses possibilit\u00e9s de farniente et de distractions a proximit\u00e9.<\/p>\n<\/div><figure class=\"wp-block-media-text__media\"><img loading=\"lazy\" decoding=\"async\" width=\"946\" height=\"396\" src=\"http:\/\/cpaparis.org\/wp-content\/uploads\/2026\/04\/Mer-1-.png\" alt=\"\" class=\"wp-image-2095 size-full\" srcset=\"http:\/\/cpaparis.org\/wp-content\/uploads\/2026\/04\/Mer-1-.png 946w, http:\/\/cpaparis.org\/wp-content\/uploads\/2026\/04\/Mer-1--300x126.png 300w, http:\/\/cpaparis.org\/wp-content\/uploads\/2026\/04\/Mer-1--768x321.png 768w\" sizes=\"auto, (max-width: 946px) 100vw, 946px\" \/><\/figure><\/div>\n\n\n\n<h2 class=\"wp-block-heading\">Renseignements et inscriptions<br>Tarifs<\/h2>\n\n\n\n<figure class=\"wp-block-table\"><table class=\"has-fixed-layout\"><tbody><tr><td>Adh\u00e9rents CPAP<\/td><td>310 \u20ac<\/td><\/tr><tr><td>Patineurs ext\u00e9rieurs<\/td><td>350 \u20ac<\/td><\/tr><\/tbody><\/table><\/figure>\n\n\n\n<p>Les tarifs ne comprennent pas Le transport, l&rsquo;h\u00e9bergement; les repas et les activit\u00e9s ext\u00e9rieures. Possibilit\u00e9 d&rsquo;h\u00e9bergement dans des r\u00e9sidences de tourisme et \/ ou maison \u00e0 organiser apr\u00e8s inscription.<br \/>Une licence FFSG 2026-2027 devra \u00eatre pr\u00e9sent\u00e9e avant le d\u00e9but du stage.<br \/>Pour tous renseignements envoyez un mail \u00e0 <a href=\"mailto:stage@cpaparis.org\"><strong>stage@cpaparis.org<\/strong><\/a><\/p>\n\n\n\n\n\n<div class=\"wp-block-media-text is-stacked-on-mobile\"><figure class=\"wp-block-media-text__media\"><img loading=\"lazy\" decoding=\"async\" width=\"741\" height=\"490\" src=\"http:\/\/cpaparis.org\/wp-content\/uploads\/2026\/04\/Patineurs-.png\" alt=\"\" class=\"wp-image-2096 size-full\" srcset=\"http:\/\/cpaparis.org\/wp-content\/uploads\/2026\/04\/Patineurs-.png 741w, http:\/\/cpaparis.org\/wp-content\/uploads\/2026\/04\/Patineurs--300x198.png 300w\" sizes=\"auto, (max-width: 741px) 100vw, 741px\" \/><\/figure><div class=\"wp-block-media-text__content\">\n<p>Si vous \u00eates int\u00e9ress\u00e9s par ce stage, vous pouvez telecharger la plaquette de description avec la fiche d&rsquo;inscription..<br><\/p>\n\n\n\n<div class=\"wp-block-buttons is-layout-flex wp-container-core-buttons-is-layout-a74382ec wp-block-buttons-is-layout-flex\">\n<div class=\"wp-block-button\"><a class=\"wp-block-button__link wp-element-button\" href=\"http:\/\/cpaparis.org\/Documents\/Toulon2026.pdf\" target=\"_blank\" rel=\"noreferrer noopener\">T\u00e9l\u00e9charger<\/a><\/div>\n<\/div>\n<\/div><\/div>\n\n\n\n\n","protected":false},"excerpt":{"rendered":"<p>Le CPAP vous propose un stage de Danse sur glace du 10 au 14 ao\u00fbt \u00e0 la patinoire de Toulon. Ce stage est ouvert aux patineurs de tous niveaux, de d\u00e9butants aux confirm\u00e9s. Vous pourrez vous travailler les techniques des <a class=\"more-link\" href=\"http:\/\/cpaparis.org\/?page_id=2092\">Lire plus &#8230;<\/a><\/p>\n","protected":false},"author":3,"featured_media":0,"parent":0,"menu_order":0,"comment_status":"closed","ping_status":"closed","template":"","meta":{"_mc_calendar":[],"footnotes":""},"folder":[57],"class_list":["post-2092","page","type-page","status-publish","hentry"],"yoast_head":"<!-- This site is optimized with the Yoast SEO plugin v26.2 - https:\/\/yoast.com\/wordpress\/plugins\/seo\/ -->\n<title>Stage \u00e0 Toulon du 10 au 14 Ao\u00fbt 2026 - Club de Patinage Adultes de Paris<\/title>\n<meta name=\"robots\" content=\"index, follow, max-snippet:-1, max-image-preview:large, max-video-preview:-1\" \/>\n<link rel=\"canonical\" href=\"http:\/\/cpaparis.org\/?page_id=2092\" \/>\n<meta property=\"og:locale\" content=\"fr_FR\" \/>\n<meta property=\"og:type\" content=\"article\" \/>\n<meta property=\"og:title\" content=\"Stage \u00e0 Toulon du 10 au 14 Ao\u00fbt 2026 - Club de Patinage Adultes de Paris\" \/>\n<meta property=\"og:description\" content=\"Le CPAP vous propose un stage de Danse sur glace du 10 au 14 ao\u00fbt \u00e0 la patinoire de Toulon. Ce stage est ouvert aux patineurs de tous niveaux, de d\u00e9butants aux confirm\u00e9s. Vous pourrez vous travailler les techniques des Lire plus ...\" \/>\n<meta property=\"og:url\" content=\"http:\/\/cpaparis.org\/?page_id=2092\" \/>\n<meta property=\"og:site_name\" content=\"Club de Patinage Adultes de Paris\" \/>\n<meta property=\"article:modified_time\" content=\"2026-04-22T16:35:00+00:00\" \/>\n<meta property=\"og:image\" content=\"http:\/\/cpaparis.org\/wp-content\/uploads\/2026\/04\/patinoire-toulon-stage.png\" \/>\n<meta name=\"twitter:card\" content=\"summary_large_image\" \/>\n<meta name=\"twitter:label1\" content=\"Dur\u00e9e de lecture estim\u00e9e\" \/>\n\t<meta name=\"twitter:data1\" content=\"2 minutes\" \/>\n<script type=\"application\/ld+json\" class=\"yoast-schema-graph\">{\"@context\":\"https:\/\/schema.org\",\"@graph\":[{\"@type\":\"WebPage\",\"@id\":\"http:\/\/cpaparis.org\/?page_id=2092\",\"url\":\"http:\/\/cpaparis.org\/?page_id=2092\",\"name\":\"Stage \u00e0 Toulon du 10 au 14 Ao\u00fbt 2026 - Club de Patinage Adultes de Paris\",\"isPartOf\":{\"@id\":\"http:\/\/cpaparis.org\/#website\"},\"primaryImageOfPage\":{\"@id\":\"http:\/\/cpaparis.org\/?page_id=2092#primaryimage\"},\"image\":{\"@id\":\"http:\/\/cpaparis.org\/?page_id=2092#primaryimage\"},\"thumbnailUrl\":\"http:\/\/cpaparis.org\/wp-content\/uploads\/2026\/04\/patinoire-toulon-stage.png\",\"datePublished\":\"2026-04-22T16:34:59+00:00\",\"dateModified\":\"2026-04-22T16:35:00+00:00\",\"breadcrumb\":{\"@id\":\"http:\/\/cpaparis.org\/?page_id=2092#breadcrumb\"},\"inLanguage\":\"fr-FR\",\"potentialAction\":[{\"@type\":\"ReadAction\",\"target\":[\"http:\/\/cpaparis.org\/?page_id=2092\"]}]},{\"@type\":\"ImageObject\",\"inLanguage\":\"fr-FR\",\"@id\":\"http:\/\/cpaparis.org\/?page_id=2092#primaryimage\",\"url\":\"http:\/\/cpaparis.org\/wp-content\/uploads\/2026\/04\/patinoire-toulon-stage.png\",\"contentUrl\":\"http:\/\/cpaparis.org\/wp-content\/uploads\/2026\/04\/patinoire-toulon-stage.png\",\"width\":946,\"height\":314},{\"@type\":\"BreadcrumbList\",\"@id\":\"http:\/\/cpaparis.org\/?page_id=2092#breadcrumb\",\"itemListElement\":[{\"@type\":\"ListItem\",\"position\":1,\"name\":\"Accueil\",\"item\":\"http:\/\/cpaparis.org\/\"},{\"@type\":\"ListItem\",\"position\":2,\"name\":\"Stage \u00e0 Toulon du 10 au 14 Ao\u00fbt 2026\"}]},{\"@type\":\"WebSite\",\"@id\":\"http:\/\/cpaparis.org\/#website\",\"url\":\"http:\/\/cpaparis.org\/\",\"name\":\"Club de Patinage Adultes de Paris\",\"description\":\"Labellis\u00e9 \u00e9cole de glace par la F\u00e9d\u00e9ration Fran\u00e7aise des Sports de Glace\",\"publisher\":{\"@id\":\"http:\/\/cpaparis.org\/#organization\"},\"potentialAction\":[{\"@type\":\"SearchAction\",\"target\":{\"@type\":\"EntryPoint\",\"urlTemplate\":\"http:\/\/cpaparis.org\/?s={search_term_string}\"},\"query-input\":{\"@type\":\"PropertyValueSpecification\",\"valueRequired\":true,\"valueName\":\"search_term_string\"}}],\"inLanguage\":\"fr-FR\"},{\"@type\":\"Organization\",\"@id\":\"http:\/\/cpaparis.org\/#organization\",\"name\":\"Club de Patinage Adultes de Paris\",\"url\":\"http:\/\/cpaparis.org\/\",\"logo\":{\"@type\":\"ImageObject\",\"inLanguage\":\"fr-FR\",\"@id\":\"http:\/\/cpaparis.org\/#\/schema\/logo\/image\/\",\"url\":\"http:\/\/cpaparis.org\/wp-content\/uploads\/2019\/10\/cpap-transparent.png\",\"contentUrl\":\"http:\/\/cpaparis.org\/wp-content\/uploads\/2019\/10\/cpap-transparent.png\",\"width\":99,\"height\":48,\"caption\":\"Club de Patinage Adultes de Paris\"},\"image\":{\"@id\":\"http:\/\/cpaparis.org\/#\/schema\/logo\/image\/\"}}]}<\/script>\n<!-- \/ Yoast SEO plugin. -->","yoast_head_json":{"title":"Stage \u00e0 Toulon du 10 au 14 Ao\u00fbt 2026 - Club de Patinage Adultes de Paris","robots":{"index":"index","follow":"follow","max-snippet":"max-snippet:-1","max-image-preview":"max-image-preview:large","max-video-preview":"max-video-preview:-1"},"canonical":"http:\/\/cpaparis.org\/?page_id=2092","og_locale":"fr_FR","og_type":"article","og_title":"Stage \u00e0 Toulon du 10 au 14 Ao\u00fbt 2026 - Club de Patinage Adultes de Paris","og_description":"Le CPAP vous propose un stage de Danse sur glace du 10 au 14 ao\u00fbt \u00e0 la patinoire de Toulon. Ce stage est ouvert aux patineurs de tous niveaux, de d\u00e9butants aux confirm\u00e9s. Vous pourrez vous travailler les techniques des Lire plus ...","og_url":"http:\/\/cpaparis.org\/?page_id=2092","og_site_name":"Club de Patinage Adultes de Paris","article_modified_time":"2026-04-22T16:35:00+00:00","og_image":[{"url":"http:\/\/cpaparis.org\/wp-content\/uploads\/2026\/04\/patinoire-toulon-stage.png","type":"","width":"","height":""}],"twitter_card":"summary_large_image","twitter_misc":{"Dur\u00e9e de lecture estim\u00e9e":"2 minutes"},"schema":{"@context":"https:\/\/schema.org","@graph":[{"@type":"WebPage","@id":"http:\/\/cpaparis.org\/?page_id=2092","url":"http:\/\/cpaparis.org\/?page_id=2092","name":"Stage \u00e0 Toulon du 10 au 14 Ao\u00fbt 2026 - Club de Patinage Adultes de Paris","isPartOf":{"@id":"http:\/\/cpaparis.org\/#website"},"primaryImageOfPage":{"@id":"http:\/\/cpaparis.org\/?page_id=2092#primaryimage"},"image":{"@id":"http:\/\/cpaparis.org\/?page_id=2092#primaryimage"},"thumbnailUrl":"http:\/\/cpaparis.org\/wp-content\/uploads\/2026\/04\/patinoire-toulon-stage.png","datePublished":"2026-04-22T16:34:59+00:00","dateModified":"2026-04-22T16:35:00+00:00","breadcrumb":{"@id":"http:\/\/cpaparis.org\/?page_id=2092#breadcrumb"},"inLanguage":"fr-FR","potentialAction":[{"@type":"ReadAction","target":["http:\/\/cpaparis.org\/?page_id=2092"]}]},{"@type":"ImageObject","inLanguage":"fr-FR","@id":"http:\/\/cpaparis.org\/?page_id=2092#primaryimage","url":"http:\/\/cpaparis.org\/wp-content\/uploads\/2026\/04\/patinoire-toulon-stage.png","contentUrl":"http:\/\/cpaparis.org\/wp-content\/uploads\/2026\/04\/patinoire-toulon-stage.png","width":946,"height":314},{"@type":"BreadcrumbList","@id":"http:\/\/cpaparis.org\/?page_id=2092#breadcrumb","itemListElement":[{"@type":"ListItem","position":1,"name":"Accueil","item":"http:\/\/cpaparis.org\/"},{"@type":"ListItem","position":2,"name":"Stage \u00e0 Toulon du 10 au 14 Ao\u00fbt 2026"}]},{"@type":"WebSite","@id":"http:\/\/cpaparis.org\/#website","url":"http:\/\/cpaparis.org\/","name":"Club de Patinage Adultes de Paris","description":"Labellis\u00e9 \u00e9cole de glace par la F\u00e9d\u00e9ration Fran\u00e7aise des Sports de Glace","publisher":{"@id":"http:\/\/cpaparis.org\/#organization"},"potentialAction":[{"@type":"SearchAction","target":{"@type":"EntryPoint","urlTemplate":"http:\/\/cpaparis.org\/?s={search_term_string}"},"query-input":{"@type":"PropertyValueSpecification","valueRequired":true,"valueName":"search_term_string"}}],"inLanguage":"fr-FR"},{"@type":"Organization","@id":"http:\/\/cpaparis.org\/#organization","name":"Club de Patinage Adultes de Paris","url":"http:\/\/cpaparis.org\/","logo":{"@type":"ImageObject","inLanguage":"fr-FR","@id":"http:\/\/cpaparis.org\/#\/schema\/logo\/image\/","url":"http:\/\/cpaparis.org\/wp-content\/uploads\/2019\/10\/cpap-transparent.png","contentUrl":"http:\/\/cpaparis.org\/wp-content\/uploads\/2019\/10\/cpap-transparent.png","width":99,"height":48,"caption":"Club de Patinage Adultes de Paris"},"image":{"@id":"http:\/\/cpaparis.org\/#\/schema\/logo\/image\/"}}]}},"_links":{"self":[{"href":"http:\/\/cpaparis.org\/index.php?rest_route=\/wp\/v2\/pages\/2092","targetHints":{"allow":["GET"]}}],"collection":[{"href":"http:\/\/cpaparis.org\/index.php?rest_route=\/wp\/v2\/pages"}],"about":[{"href":"http:\/\/cpaparis.org\/index.php?rest_route=\/wp\/v2\/types\/page"}],"author":[{"embeddable":true,"href":"http:\/\/cpaparis.org\/index.php?rest_route=\/wp\/v2\/users\/3"}],"replies":[{"embeddable":true,"href":"http:\/\/cpaparis.org\/index.php?rest_route=%2Fwp%2Fv2%2Fcomments&post=2092"}],"version-history":[{"count":1,"href":"http:\/\/cpaparis.org\/index.php?rest_route=\/wp\/v2\/pages\/2092\/revisions"}],"predecessor-version":[{"id":2097,"href":"http:\/\/cpaparis.org\/index.php?rest_route=\/wp\/v2\/pages\/2092\/revisions\/2097"}],"wp:attachment":[{"href":"http:\/\/cpaparis.org\/index.php?rest_route=%2Fwp%2Fv2%2Fmedia&parent=2092"}],"wp:term":[{"taxonomy":"folder","embeddable":true,"href":"http:\/\/cpaparis.org\/index.php?rest_route=%2Fwp%2Fv2%2Ffolder&post=2092"}],"curies":[{"name":"wp","href":"https:\/\/api.w.org\/{rel}","templated":true}]}}