{"id":512,"date":"2019-03-03T14:36:24","date_gmt":"2019-03-03T13:36:24","guid":{"rendered":"http:\/\/cpaparis.org\/?page_id=512"},"modified":"2026-04-22T17:32:34","modified_gmt":"2026-04-22T15:32:34","slug":"coupe-des_roses","status":"publish","type":"page","link":"http:\/\/cpaparis.org\/?page_id=512","title":{"rendered":"Coupe des Roses"},"content":{"rendered":"<p>Le CPAP organise la premi\u00e8re <span style=\"color: #993366;\"><strong>Coupe des Roses<\/strong><\/span> \u00e0 la patinoire d&rsquo;Asni\u00e8res le 16 avril 2023<\/p>\n<p><img loading=\"lazy\" decoding=\"async\" class=\"size-medium wp-image-1208 aligncenter\" src=\"http:\/\/cpaparis.org\/wp-content\/uploads\/2023\/03\/Coupe-des-Roses-216x300.png\" alt=\"\" width=\"216\" height=\"300\" srcset=\"http:\/\/cpaparis.org\/wp-content\/uploads\/2023\/03\/Coupe-des-Roses-216x300.png 216w, http:\/\/cpaparis.org\/wp-content\/uploads\/2023\/03\/Coupe-des-Roses-737x1024.png 737w, http:\/\/cpaparis.org\/wp-content\/uploads\/2023\/03\/Coupe-des-Roses-768x1067.png 768w, http:\/\/cpaparis.org\/wp-content\/uploads\/2023\/03\/Coupe-des-Roses.png 893w\" sizes=\"auto, (max-width: 216px) 100vw, 216px\" \/><\/p>\n<p style=\"font-weight: 400;\">Cette comp\u00e9tition r\u00e9serv\u00e9e aux adultes membres d&rsquo;un club de la FFSG ou de l&rsquo;ISU se d\u00e9roule sur une journ\u00e9e \u00e0 la patinoire d&rsquo;Asni\u00e8res et accueille plus de 70 participants issus de pr\u00e8s de 10\u00a0 clubs \u00e0 travers toute la France. L\u2019ambiance est tr\u00e8s conviviale avec un buffet excellent. Que vous soyez comp\u00e9titeurs d\u00e9butants ou confirm\u00e9s ou m\u00eame spectateurs, venez nombreux nous vous accueillerons avec plaisir.<\/p>\n","protected":false},"excerpt":{"rendered":"<p>Le CPAP organise la premi\u00e8re Coupe des Roses \u00e0 la patinoire d&rsquo;Asni\u00e8res le 16 avril 2023 Cette comp\u00e9tition r\u00e9serv\u00e9e aux adultes membres d&rsquo;un club de la FFSG ou de l&rsquo;ISU se d\u00e9roule sur une journ\u00e9e \u00e0 la patinoire d&rsquo;Asni\u00e8res et <a class=\"more-link\" href=\"http:\/\/cpaparis.org\/?page_id=512\">Lire plus &#8230;<\/a><\/p>\n","protected":false},"author":3,"featured_media":0,"parent":0,"menu_order":43,"comment_status":"closed","ping_status":"closed","template":"","meta":{"_mc_calendar":[],"footnotes":""},"folder":[],"class_list":["post-512","page","type-page","status-publish","hentry"],"yoast_head":"<!-- This site is optimized with the Yoast SEO plugin v26.2 - https:\/\/yoast.com\/wordpress\/plugins\/seo\/ -->\n<title>Coupe des Roses - Club de Patinage Adultes de Paris<\/title>\n<meta name=\"robots\" content=\"index, follow, max-snippet:-1, max-image-preview:large, max-video-preview:-1\" \/>\n<link rel=\"canonical\" href=\"https:\/\/cpaparis.org\/?page_id=512\" \/>\n<meta property=\"og:locale\" content=\"fr_FR\" \/>\n<meta property=\"og:type\" content=\"article\" \/>\n<meta property=\"og:title\" content=\"Coupe des Roses - Club de Patinage Adultes de Paris\" \/>\n<meta property=\"og:description\" content=\"Le CPAP organise la premi\u00e8re Coupe des Roses \u00e0 la patinoire d&rsquo;Asni\u00e8res le 16 avril 2023 Cette comp\u00e9tition r\u00e9serv\u00e9e aux adultes membres d&rsquo;un club de la FFSG ou de l&rsquo;ISU se d\u00e9roule sur une journ\u00e9e \u00e0 la patinoire d&rsquo;Asni\u00e8res et Lire plus ...\" \/>\n<meta property=\"og:url\" content=\"https:\/\/cpaparis.org\/?page_id=512\" \/>\n<meta property=\"og:site_name\" content=\"Club de Patinage Adultes de Paris\" \/>\n<meta property=\"article:modified_time\" content=\"2026-04-22T15:32:34+00:00\" \/>\n<meta property=\"og:image\" content=\"http:\/\/cpaparis.org\/wp-content\/uploads\/2023\/03\/Coupe-des-Roses-216x300.png\" \/>\n<meta name=\"twitter:card\" content=\"summary_large_image\" \/>\n<meta name=\"twitter:label1\" content=\"Dur\u00e9e de lecture estim\u00e9e\" \/>\n\t<meta name=\"twitter:data1\" content=\"1 minute\" \/>\n<script type=\"application\/ld+json\" class=\"yoast-schema-graph\">{\"@context\":\"https:\/\/schema.org\",\"@graph\":[{\"@type\":\"WebPage\",\"@id\":\"https:\/\/cpaparis.org\/?page_id=512\",\"url\":\"https:\/\/cpaparis.org\/?page_id=512\",\"name\":\"Coupe des Roses - Club de Patinage Adultes de Paris\",\"isPartOf\":{\"@id\":\"http:\/\/cpaparis.org\/#website\"},\"primaryImageOfPage\":{\"@id\":\"https:\/\/cpaparis.org\/?page_id=512#primaryimage\"},\"image\":{\"@id\":\"https:\/\/cpaparis.org\/?page_id=512#primaryimage\"},\"thumbnailUrl\":\"http:\/\/cpaparis.org\/wp-content\/uploads\/2023\/03\/Coupe-des-Roses-216x300.png\",\"datePublished\":\"2019-03-03T13:36:24+00:00\",\"dateModified\":\"2026-04-22T15:32:34+00:00\",\"breadcrumb\":{\"@id\":\"https:\/\/cpaparis.org\/?page_id=512#breadcrumb\"},\"inLanguage\":\"fr-FR\",\"potentialAction\":[{\"@type\":\"ReadAction\",\"target\":[\"https:\/\/cpaparis.org\/?page_id=512\"]}]},{\"@type\":\"ImageObject\",\"inLanguage\":\"fr-FR\",\"@id\":\"https:\/\/cpaparis.org\/?page_id=512#primaryimage\",\"url\":\"http:\/\/cpaparis.org\/wp-content\/uploads\/2023\/03\/Coupe-des-Roses.png\",\"contentUrl\":\"http:\/\/cpaparis.org\/wp-content\/uploads\/2023\/03\/Coupe-des-Roses.png\",\"width\":893,\"height\":1241},{\"@type\":\"BreadcrumbList\",\"@id\":\"https:\/\/cpaparis.org\/?page_id=512#breadcrumb\",\"itemListElement\":[{\"@type\":\"ListItem\",\"position\":1,\"name\":\"Accueil\",\"item\":\"http:\/\/cpaparis.org\/\"},{\"@type\":\"ListItem\",\"position\":2,\"name\":\"Coupe des Roses\"}]},{\"@type\":\"WebSite\",\"@id\":\"http:\/\/cpaparis.org\/#website\",\"url\":\"http:\/\/cpaparis.org\/\",\"name\":\"Club de Patinage Adultes de Paris\",\"description\":\"Labellis\u00e9 \u00e9cole de glace par la F\u00e9d\u00e9ration Fran\u00e7aise des Sports de Glace\",\"publisher\":{\"@id\":\"http:\/\/cpaparis.org\/#organization\"},\"potentialAction\":[{\"@type\":\"SearchAction\",\"target\":{\"@type\":\"EntryPoint\",\"urlTemplate\":\"http:\/\/cpaparis.org\/?s={search_term_string}\"},\"query-input\":{\"@type\":\"PropertyValueSpecification\",\"valueRequired\":true,\"valueName\":\"search_term_string\"}}],\"inLanguage\":\"fr-FR\"},{\"@type\":\"Organization\",\"@id\":\"http:\/\/cpaparis.org\/#organization\",\"name\":\"Club de Patinage Adultes de Paris\",\"url\":\"http:\/\/cpaparis.org\/\",\"logo\":{\"@type\":\"ImageObject\",\"inLanguage\":\"fr-FR\",\"@id\":\"http:\/\/cpaparis.org\/#\/schema\/logo\/image\/\",\"url\":\"http:\/\/cpaparis.org\/wp-content\/uploads\/2019\/10\/cpap-transparent.png\",\"contentUrl\":\"http:\/\/cpaparis.org\/wp-content\/uploads\/2019\/10\/cpap-transparent.png\",\"width\":99,\"height\":48,\"caption\":\"Club de Patinage Adultes de Paris\"},\"image\":{\"@id\":\"http:\/\/cpaparis.org\/#\/schema\/logo\/image\/\"}}]}<\/script>\n<!-- \/ Yoast SEO plugin. -->","yoast_head_json":{"title":"Coupe des Roses - Club de Patinage Adultes de Paris","robots":{"index":"index","follow":"follow","max-snippet":"max-snippet:-1","max-image-preview":"max-image-preview:large","max-video-preview":"max-video-preview:-1"},"canonical":"https:\/\/cpaparis.org\/?page_id=512","og_locale":"fr_FR","og_type":"article","og_title":"Coupe des Roses - Club de Patinage Adultes de Paris","og_description":"Le CPAP organise la premi\u00e8re Coupe des Roses \u00e0 la patinoire d&rsquo;Asni\u00e8res le 16 avril 2023 Cette comp\u00e9tition r\u00e9serv\u00e9e aux adultes membres d&rsquo;un club de la FFSG ou de l&rsquo;ISU se d\u00e9roule sur une journ\u00e9e \u00e0 la patinoire d&rsquo;Asni\u00e8res et Lire plus ...","og_url":"https:\/\/cpaparis.org\/?page_id=512","og_site_name":"Club de Patinage Adultes de Paris","article_modified_time":"2026-04-22T15:32:34+00:00","og_image":[{"url":"http:\/\/cpaparis.org\/wp-content\/uploads\/2023\/03\/Coupe-des-Roses-216x300.png","type":"","width":"","height":""}],"twitter_card":"summary_large_image","twitter_misc":{"Dur\u00e9e de lecture estim\u00e9e":"1 minute"},"schema":{"@context":"https:\/\/schema.org","@graph":[{"@type":"WebPage","@id":"https:\/\/cpaparis.org\/?page_id=512","url":"https:\/\/cpaparis.org\/?page_id=512","name":"Coupe des Roses - Club de Patinage Adultes de Paris","isPartOf":{"@id":"http:\/\/cpaparis.org\/#website"},"primaryImageOfPage":{"@id":"https:\/\/cpaparis.org\/?page_id=512#primaryimage"},"image":{"@id":"https:\/\/cpaparis.org\/?page_id=512#primaryimage"},"thumbnailUrl":"http:\/\/cpaparis.org\/wp-content\/uploads\/2023\/03\/Coupe-des-Roses-216x300.png","datePublished":"2019-03-03T13:36:24+00:00","dateModified":"2026-04-22T15:32:34+00:00","breadcrumb":{"@id":"https:\/\/cpaparis.org\/?page_id=512#breadcrumb"},"inLanguage":"fr-FR","potentialAction":[{"@type":"ReadAction","target":["https:\/\/cpaparis.org\/?page_id=512"]}]},{"@type":"ImageObject","inLanguage":"fr-FR","@id":"https:\/\/cpaparis.org\/?page_id=512#primaryimage","url":"http:\/\/cpaparis.org\/wp-content\/uploads\/2023\/03\/Coupe-des-Roses.png","contentUrl":"http:\/\/cpaparis.org\/wp-content\/uploads\/2023\/03\/Coupe-des-Roses.png","width":893,"height":1241},{"@type":"BreadcrumbList","@id":"https:\/\/cpaparis.org\/?page_id=512#breadcrumb","itemListElement":[{"@type":"ListItem","position":1,"name":"Accueil","item":"http:\/\/cpaparis.org\/"},{"@type":"ListItem","position":2,"name":"Coupe des Roses"}]},{"@type":"WebSite","@id":"http:\/\/cpaparis.org\/#website","url":"http:\/\/cpaparis.org\/","name":"Club de Patinage Adultes de Paris","description":"Labellis\u00e9 \u00e9cole de glace par la F\u00e9d\u00e9ration Fran\u00e7aise des Sports de Glace","publisher":{"@id":"http:\/\/cpaparis.org\/#organization"},"potentialAction":[{"@type":"SearchAction","target":{"@type":"EntryPoint","urlTemplate":"http:\/\/cpaparis.org\/?s={search_term_string}"},"query-input":{"@type":"PropertyValueSpecification","valueRequired":true,"valueName":"search_term_string"}}],"inLanguage":"fr-FR"},{"@type":"Organization","@id":"http:\/\/cpaparis.org\/#organization","name":"Club de Patinage Adultes de Paris","url":"http:\/\/cpaparis.org\/","logo":{"@type":"ImageObject","inLanguage":"fr-FR","@id":"http:\/\/cpaparis.org\/#\/schema\/logo\/image\/","url":"http:\/\/cpaparis.org\/wp-content\/uploads\/2019\/10\/cpap-transparent.png","contentUrl":"http:\/\/cpaparis.org\/wp-content\/uploads\/2019\/10\/cpap-transparent.png","width":99,"height":48,"caption":"Club de Patinage Adultes de Paris"},"image":{"@id":"http:\/\/cpaparis.org\/#\/schema\/logo\/image\/"}}]}},"_links":{"self":[{"href":"http:\/\/cpaparis.org\/index.php?rest_route=\/wp\/v2\/pages\/512","targetHints":{"allow":["GET"]}}],"collection":[{"href":"http:\/\/cpaparis.org\/index.php?rest_route=\/wp\/v2\/pages"}],"about":[{"href":"http:\/\/cpaparis.org\/index.php?rest_route=\/wp\/v2\/types\/page"}],"author":[{"embeddable":true,"href":"http:\/\/cpaparis.org\/index.php?rest_route=\/wp\/v2\/users\/3"}],"replies":[{"embeddable":true,"href":"http:\/\/cpaparis.org\/index.php?rest_route=%2Fwp%2Fv2%2Fcomments&post=512"}],"version-history":[{"count":8,"href":"http:\/\/cpaparis.org\/index.php?rest_route=\/wp\/v2\/pages\/512\/revisions"}],"predecessor-version":[{"id":1209,"href":"http:\/\/cpaparis.org\/index.php?rest_route=\/wp\/v2\/pages\/512\/revisions\/1209"}],"wp:attachment":[{"href":"http:\/\/cpaparis.org\/index.php?rest_route=%2Fwp%2Fv2%2Fmedia&parent=512"}],"wp:term":[{"taxonomy":"folder","embeddable":true,"href":"http:\/\/cpaparis.org\/index.php?rest_route=%2Fwp%2Fv2%2Ffolder&post=512"}],"curies":[{"name":"wp","href":"https:\/\/api.w.org\/{rel}","templated":true}]}}