{"id":676,"date":"2019-10-23T13:45:54","date_gmt":"2019-10-23T11:45:54","guid":{"rendered":"http:\/\/cpaparis.org\/?page_id=676"},"modified":"2025-10-27T16:40:34","modified_gmt":"2025-10-27T15:40:34","slug":"inscription-newsletter","status":"publish","type":"page","link":"http:\/\/cpaparis.org\/?page_id=676","title":{"rendered":"Inscription Newsletter"},"content":{"rendered":"\n<p>Le CPAP publie une newsletter pour annoncer les \u00e9v\u00e9nements et les activit\u00e9s du club.<br \/>Inscrivez vous ici pour recevoir cette newsletter.<\/p>\n                    <script type=\"text\/javascript\">\n                        var onloadSibCallback = function () {\n                            jQuery('.g-recaptcha').each(function (index, el) {\n                                grecaptcha.render(el, {\n                                    'sitekey': jQuery(el).attr('data-sitekey')\n                                });\n                            });\n                        };\n                    <\/script>\n\t\t\t\t\t                <script src=\"https:\/\/www.google.com\/recaptcha\/api.js?onload=onloadSibCallback&render=explicit\" async defer><\/script>\n\t\t\t\t\n\t\t\t<form id=\"sib_signup_form_1\" method=\"post\" class=\"sib_signup_form\">\n\t\t\t\t<div class=\"sib_loader\" style=\"display:none;\"><img\n\t\t\t\t\t\t\tsrc=\"http:\/\/cpaparis.org\/wp-includes\/images\/spinner.gif\" alt=\"loader\"><\/div>\n\t\t\t\t<input type=\"hidden\" name=\"sib_form_action\" value=\"subscribe_form_submit\">\n\t\t\t\t<input type=\"hidden\" name=\"sib_form_id\" value=\"1\">\n                <input type=\"hidden\" name=\"sib_form_alert_notice\" value=\"Remplissez ce champ s\u2019il vous pla\u00eet\">\n                <input type=\"hidden\" name=\"sib_form_invalid_email_notice\" value=\"Cette adresse email n\\&#039;est pas valide\">\n                <input type=\"hidden\" name=\"sib_security\" value=\"097763a9cb\">\n\t\t\t\t<div class=\"sib_signup_box_inside_1\">\n\t\t\t\t\t<div style=\"\/*display:none*\/\" class=\"sib_msg_disp\">\n\t\t\t\t\t<\/div>\n                    \t\t\t\t\t<p class=\"sib-NOM-area\"> \r\n    <label class=\"sib-NOM-area\">Nom*<\/label> \r\n    <input type=\"text\" class=\"sib-NOM-area\" name=\"NOM\" required=\"required\"> \r\n<\/p>\r\n<p class=\"sib-PRENOM-area\"> \r\n    <label class=\"sib-PRENOM-area\">Pr\u00e9nom*<\/label> \r\n    <input type=\"text\" class=\"sib-PRENOM-area\" name=\"PRENOM\" required=\"required\"> \r\n<\/p>\r\n<p class=\"sib-email-area\">\r\n    <label class=\"sib-email-area\">Adresse mail*<\/label>\r\n    <input type=\"email\" class=\"sib-email-area\" name=\"email\" required=\"required\">\r\n<\/p>\r\n<div id=\"sib_captcha\" class=\"g-recaptcha\" data-sitekey=\"6LekFr8UAAAAADmGZy338Z1CobxekCjTnObQwpVM\"><\/div>\r\n\r\n<p>\r\n    <input type=\"submit\" class=\"sib-default-btn\" value=\"Je m'abonne\">\r\n<\/p>\t\t\t\t<\/div>\n\t\t\t<\/form>\n\t\t\t<style>\n\t\t\t\tform#sib_signup_form_1 p.sib-alert-message {\n    padding: 6px 12px;\n    margin-bottom: 20px;\n    border: 1px solid transparent;\n    border-radius: 4px;\n    -webkit-box-sizing: border-box;\n    -moz-box-sizing: border-box;\n    box-sizing: border-box;\n}\nform#sib_signup_form_1 p.sib-alert-message-error {\n    background-color: #f2dede;\n    border-color: #ebccd1;\n    color: #a94442;\n}\nform#sib_signup_form_1 p.sib-alert-message-success {\n    background-color: #dff0d8;\n    border-color: #d6e9c6;\n    color: #3c763d;\n}\nform#sib_signup_form_1 p.sib-alert-message-warning {\n    background-color: #fcf8e3;\n    border-color: #faebcc;\n    color: #8a6d3b;\n}\n\t\t\t<\/style>\n\t\t\t\n\n\n\n<p class=\"has-background has-small-font-size has-luminous-vivid-amber-background-color\"><strong><span style=\"color:#0693e3\" class=\"tadv-color\">Confidentialit\u00e9<\/span><\/strong><br>En m&rsquo;abonnant \u00e0 la newsletter d&rsquo;information \u00e9lectronique, j&rsquo;accepte que mes donn\u00e9es personnelles soient trait\u00e9es par le Club de Patinage Adultes de Paris dans le but de m&rsquo;envoyer cette information par courriel. Ce consentement peut \u00eatre r\u00e9voqu\u00e9 \u00e0 tout moment, gr\u00e2ce au lien de d\u00e9sinscription \u00e0 la fin de chaque newsletter, ce qui entra\u00eene la suppression des donn\u00e9es utilisateur collect\u00e9es. Vos donn\u00e9es personnelles ne sont en aucun cas transmises \u00e0 des tiers, sauf obligations l\u00e9gales.<\/p>\n\n\n\n<p><\/p>\n","protected":false},"excerpt":{"rendered":"<p>Le CPAP publie une newsletter pour annoncer les \u00e9v\u00e9nements et les activit\u00e9s du club.Inscrivez vous ici pour recevoir cette newsletter. Confidentialit\u00e9En m&rsquo;abonnant \u00e0 la newsletter d&rsquo;information \u00e9lectronique, j&rsquo;accepte que mes donn\u00e9es personnelles soient trait\u00e9es par le Club de Patinage Adultes <a class=\"more-link\" href=\"http:\/\/cpaparis.org\/?page_id=676\">Lire plus &#8230;<\/a><\/p>\n","protected":false},"author":3,"featured_media":0,"parent":0,"menu_order":4,"comment_status":"closed","ping_status":"closed","template":"","meta":{"_mc_calendar":[],"footnotes":""},"folder":[],"class_list":["post-676","page","type-page","status-publish","hentry"],"yoast_head":"<!-- This site is optimized with the Yoast SEO plugin v26.2 - https:\/\/yoast.com\/wordpress\/plugins\/seo\/ -->\n<title>Inscription Newsletter - Club de Patinage Adultes de Paris<\/title>\n<meta name=\"robots\" content=\"index, follow, max-snippet:-1, max-image-preview:large, max-video-preview:-1\" \/>\n<link rel=\"canonical\" href=\"http:\/\/cpaparis.org\/?page_id=676\" \/>\n<meta property=\"og:locale\" content=\"fr_FR\" \/>\n<meta property=\"og:type\" content=\"article\" \/>\n<meta property=\"og:title\" content=\"Inscription Newsletter - Club de Patinage Adultes de Paris\" \/>\n<meta property=\"og:description\" content=\"Le CPAP publie une newsletter pour annoncer les \u00e9v\u00e9nements et les activit\u00e9s du club.Inscrivez vous ici pour recevoir cette newsletter. Confidentialit\u00e9En m&rsquo;abonnant \u00e0 la newsletter d&rsquo;information \u00e9lectronique, j&rsquo;accepte que mes donn\u00e9es personnelles soient trait\u00e9es par le Club de Patinage Adultes Lire plus ...\" \/>\n<meta property=\"og:url\" content=\"http:\/\/cpaparis.org\/?page_id=676\" \/>\n<meta property=\"og:site_name\" content=\"Club de Patinage Adultes de Paris\" \/>\n<meta property=\"article:modified_time\" content=\"2025-10-27T15:40:34+00:00\" \/>\n<meta name=\"twitter:card\" content=\"summary_large_image\" \/>\n<meta name=\"twitter:label1\" content=\"Dur\u00e9e de lecture estim\u00e9e\" \/>\n\t<meta name=\"twitter:data1\" content=\"1 minute\" \/>\n<script type=\"application\/ld+json\" class=\"yoast-schema-graph\">{\"@context\":\"https:\/\/schema.org\",\"@graph\":[{\"@type\":\"WebPage\",\"@id\":\"http:\/\/cpaparis.org\/?page_id=676\",\"url\":\"http:\/\/cpaparis.org\/?page_id=676\",\"name\":\"Inscription Newsletter - Club de Patinage Adultes de Paris\",\"isPartOf\":{\"@id\":\"https:\/\/cpaparis.org\/#website\"},\"datePublished\":\"2019-10-23T11:45:54+00:00\",\"dateModified\":\"2025-10-27T15:40:34+00:00\",\"breadcrumb\":{\"@id\":\"http:\/\/cpaparis.org\/?page_id=676#breadcrumb\"},\"inLanguage\":\"fr-FR\",\"potentialAction\":[{\"@type\":\"ReadAction\",\"target\":[\"http:\/\/cpaparis.org\/?page_id=676\"]}]},{\"@type\":\"BreadcrumbList\",\"@id\":\"http:\/\/cpaparis.org\/?page_id=676#breadcrumb\",\"itemListElement\":[{\"@type\":\"ListItem\",\"position\":1,\"name\":\"Accueil\",\"item\":\"https:\/\/cpaparis.org\/\"},{\"@type\":\"ListItem\",\"position\":2,\"name\":\"Inscription Newsletter\"}]},{\"@type\":\"WebSite\",\"@id\":\"https:\/\/cpaparis.org\/#website\",\"url\":\"https:\/\/cpaparis.org\/\",\"name\":\"Club de Patinage Adultes de Paris\",\"description\":\"Labellis\u00e9 \u00e9cole de glace par la F\u00e9d\u00e9ration Fran\u00e7aise des Sports de Glace\",\"publisher\":{\"@id\":\"https:\/\/cpaparis.org\/#organization\"},\"potentialAction\":[{\"@type\":\"SearchAction\",\"target\":{\"@type\":\"EntryPoint\",\"urlTemplate\":\"https:\/\/cpaparis.org\/?s={search_term_string}\"},\"query-input\":{\"@type\":\"PropertyValueSpecification\",\"valueRequired\":true,\"valueName\":\"search_term_string\"}}],\"inLanguage\":\"fr-FR\"},{\"@type\":\"Organization\",\"@id\":\"https:\/\/cpaparis.org\/#organization\",\"name\":\"Club de Patinage Adultes de Paris\",\"url\":\"https:\/\/cpaparis.org\/\",\"logo\":{\"@type\":\"ImageObject\",\"inLanguage\":\"fr-FR\",\"@id\":\"https:\/\/cpaparis.org\/#\/schema\/logo\/image\/\",\"url\":\"http:\/\/cpaparis.org\/wp-content\/uploads\/2019\/10\/cpap-transparent.png\",\"contentUrl\":\"http:\/\/cpaparis.org\/wp-content\/uploads\/2019\/10\/cpap-transparent.png\",\"width\":99,\"height\":48,\"caption\":\"Club de Patinage Adultes de Paris\"},\"image\":{\"@id\":\"https:\/\/cpaparis.org\/#\/schema\/logo\/image\/\"}}]}<\/script>\n<!-- \/ Yoast SEO plugin. -->","yoast_head_json":{"title":"Inscription Newsletter - Club de Patinage Adultes de Paris","robots":{"index":"index","follow":"follow","max-snippet":"max-snippet:-1","max-image-preview":"max-image-preview:large","max-video-preview":"max-video-preview:-1"},"canonical":"http:\/\/cpaparis.org\/?page_id=676","og_locale":"fr_FR","og_type":"article","og_title":"Inscription Newsletter - Club de Patinage Adultes de Paris","og_description":"Le CPAP publie une newsletter pour annoncer les \u00e9v\u00e9nements et les activit\u00e9s du club.Inscrivez vous ici pour recevoir cette newsletter. Confidentialit\u00e9En m&rsquo;abonnant \u00e0 la newsletter d&rsquo;information \u00e9lectronique, j&rsquo;accepte que mes donn\u00e9es personnelles soient trait\u00e9es par le Club de Patinage Adultes Lire plus ...","og_url":"http:\/\/cpaparis.org\/?page_id=676","og_site_name":"Club de Patinage Adultes de Paris","article_modified_time":"2025-10-27T15:40:34+00:00","twitter_card":"summary_large_image","twitter_misc":{"Dur\u00e9e de lecture estim\u00e9e":"1 minute"},"schema":{"@context":"https:\/\/schema.org","@graph":[{"@type":"WebPage","@id":"http:\/\/cpaparis.org\/?page_id=676","url":"http:\/\/cpaparis.org\/?page_id=676","name":"Inscription Newsletter - Club de Patinage Adultes de Paris","isPartOf":{"@id":"https:\/\/cpaparis.org\/#website"},"datePublished":"2019-10-23T11:45:54+00:00","dateModified":"2025-10-27T15:40:34+00:00","breadcrumb":{"@id":"http:\/\/cpaparis.org\/?page_id=676#breadcrumb"},"inLanguage":"fr-FR","potentialAction":[{"@type":"ReadAction","target":["http:\/\/cpaparis.org\/?page_id=676"]}]},{"@type":"BreadcrumbList","@id":"http:\/\/cpaparis.org\/?page_id=676#breadcrumb","itemListElement":[{"@type":"ListItem","position":1,"name":"Accueil","item":"https:\/\/cpaparis.org\/"},{"@type":"ListItem","position":2,"name":"Inscription Newsletter"}]},{"@type":"WebSite","@id":"https:\/\/cpaparis.org\/#website","url":"https:\/\/cpaparis.org\/","name":"Club de Patinage Adultes de Paris","description":"Labellis\u00e9 \u00e9cole de glace par la F\u00e9d\u00e9ration Fran\u00e7aise des Sports de Glace","publisher":{"@id":"https:\/\/cpaparis.org\/#organization"},"potentialAction":[{"@type":"SearchAction","target":{"@type":"EntryPoint","urlTemplate":"https:\/\/cpaparis.org\/?s={search_term_string}"},"query-input":{"@type":"PropertyValueSpecification","valueRequired":true,"valueName":"search_term_string"}}],"inLanguage":"fr-FR"},{"@type":"Organization","@id":"https:\/\/cpaparis.org\/#organization","name":"Club de Patinage Adultes de Paris","url":"https:\/\/cpaparis.org\/","logo":{"@type":"ImageObject","inLanguage":"fr-FR","@id":"https:\/\/cpaparis.org\/#\/schema\/logo\/image\/","url":"http:\/\/cpaparis.org\/wp-content\/uploads\/2019\/10\/cpap-transparent.png","contentUrl":"http:\/\/cpaparis.org\/wp-content\/uploads\/2019\/10\/cpap-transparent.png","width":99,"height":48,"caption":"Club de Patinage Adultes de Paris"},"image":{"@id":"https:\/\/cpaparis.org\/#\/schema\/logo\/image\/"}}]}},"_links":{"self":[{"href":"http:\/\/cpaparis.org\/index.php?rest_route=\/wp\/v2\/pages\/676","targetHints":{"allow":["GET"]}}],"collection":[{"href":"http:\/\/cpaparis.org\/index.php?rest_route=\/wp\/v2\/pages"}],"about":[{"href":"http:\/\/cpaparis.org\/index.php?rest_route=\/wp\/v2\/types\/page"}],"author":[{"embeddable":true,"href":"http:\/\/cpaparis.org\/index.php?rest_route=\/wp\/v2\/users\/3"}],"replies":[{"embeddable":true,"href":"http:\/\/cpaparis.org\/index.php?rest_route=%2Fwp%2Fv2%2Fcomments&post=676"}],"version-history":[{"count":5,"href":"http:\/\/cpaparis.org\/index.php?rest_route=\/wp\/v2\/pages\/676\/revisions"}],"predecessor-version":[{"id":802,"href":"http:\/\/cpaparis.org\/index.php?rest_route=\/wp\/v2\/pages\/676\/revisions\/802"}],"wp:attachment":[{"href":"http:\/\/cpaparis.org\/index.php?rest_route=%2Fwp%2Fv2%2Fmedia&parent=676"}],"wp:term":[{"taxonomy":"folder","embeddable":true,"href":"http:\/\/cpaparis.org\/index.php?rest_route=%2Fwp%2Fv2%2Ffolder&post=676"}],"curies":[{"name":"wp","href":"https:\/\/api.w.org\/{rel}","templated":true}]}}