{"id":988,"date":"2021-11-16T11:45:22","date_gmt":"2021-11-16T10:45:22","guid":{"rendered":"http:\/\/cpaparis.org\/?page_id=988"},"modified":"2025-10-27T16:39:48","modified_gmt":"2025-10-27T15:39:48","slug":"presentation-du-club","status":"publish","type":"page","link":"http:\/\/cpaparis.org\/?page_id=988","title":{"rendered":"Pr\u00e9sentation du Club"},"content":{"rendered":"\n<p>Le cpap propose aux adultes d\u00e9butants ou confirm\u00e9s l&rsquo;apprentissage de la danse sur glace ainsi que l&rsquo;entrainement au ballet sur glace.<br \/>Des professeurs dipl\u00f4m\u00e9s assurent les cours et la supervision tout au long de la saison de Septembre a Juin.<br \/>De plus des stages sont propos\u00e9s pendant les vacances d&rsquo;et\u00e9 et d&rsquo;hiver.<\/p>\n\n\n\n<figure class=\"wp-block-embed is-type-video is-provider-youtube wp-block-embed-youtube\"><div style=\"display: contents;\" >\n\n<div data-mode=\"normal\" data-oembed=\"1\" data-provider=\"youtube\" id=\"arve-youtube-huxbja9h-ao\" class=\"arve\">\n\t<div class=\"arve-inner\">\n\t\t<div style=\"aspect-ratio:135\/76\" class=\"arve-embed arve-embed--has-aspect-ratio\">\n\t\t\t<div class=\"arve-ar\" style=\"padding-top:56.296296%\"><\/div>\n\t\t\t<iframe allow=\"accelerometer &#039;none&#039;;autoplay &#039;none&#039;;bluetooth &#039;none&#039;;browsing-topics &#039;none&#039;;camera &#039;none&#039;;clipboard-read &#039;none&#039;;clipboard-write;display-capture &#039;none&#039;;encrypted-media &#039;none&#039;;gamepad &#039;none&#039;;geolocation &#039;none&#039;;gyroscope &#039;none&#039;;hid &#039;none&#039;;identity-credentials-get &#039;none&#039;;idle-detection &#039;none&#039;;keyboard-map &#039;none&#039;;local-fonts;magnetometer &#039;none&#039;;microphone &#039;none&#039;;midi &#039;none&#039;;otp-credentials &#039;none&#039;;payment &#039;none&#039;;picture-in-picture;publickey-credentials-create &#039;none&#039;;publickey-credentials-get &#039;none&#039;;screen-wake-lock &#039;none&#039;;serial &#039;none&#039;;summarizer &#039;none&#039;;sync-xhr;usb &#039;none&#039;;web-share;window-management &#039;none&#039;;xr-spatial-tracking &#039;none&#039;;\" allowfullscreen=\"\" class=\"arve-iframe fitvidsignore\" credentialless data-arve=\"arve-youtube-huxbja9h-ao\" data-lenis-prevent=\"\" data-src-no-ap=\"https:\/\/www.youtube-nocookie.com\/embed\/huXBjA9h-ao?feature=oembed&amp;iv_load_policy=3&amp;modestbranding=1&amp;rel=0&amp;autohide=1&amp;playsinline=0&amp;autoplay=0\" frameborder=\"0\" height=\"0\" loading=\"lazy\" name=\"\" referrerpolicy=\"strict-origin-when-cross-origin\" sandbox=\"allow-scripts allow-same-origin allow-presentation allow-popups allow-popups-to-escape-sandbox\" scrolling=\"no\" src=\"https:\/\/www.youtube-nocookie.com\/embed\/huXBjA9h-ao?feature=oembed&#038;iv_load_policy=3&#038;modestbranding=1&#038;rel=0&#038;autohide=1&#038;playsinline=0&#038;autoplay=0\" title=\"\" width=\"0\"><\/iframe>\n\t\t\t\n\t\t<\/div>\n\t\t\n\t<\/div>\n\t\n\t\n\t<script type=\"application\/ld+json\">{\"@context\":\"http:\\\/\\\/schema.org\\\/\",\"@id\":\"http:\\\/\\\/cpaparis.org\\\/?page_id=988#arve-youtube-huxbja9h-ao\",\"type\":\"VideoObject\",\"embedURL\":\"https:\\\/\\\/www.youtube-nocookie.com\\\/embed\\\/huXBjA9h-ao?feature=oembed&iv_load_policy=3&modestbranding=1&rel=0&autohide=1&playsinline=0&autoplay=0\"}<\/script>\n<\/div>\n<\/div><\/figure>\n","protected":false},"excerpt":{"rendered":"<p>Le cpap propose aux adultes d\u00e9butants ou confirm\u00e9s l&rsquo;apprentissage de la danse sur glace ainsi que l&rsquo;entrainement au ballet sur glace.Des professeurs dipl\u00f4m\u00e9s assurent les cours et la supervision tout au long de la saison de Septembre a Juin.De plus <a class=\"more-link\" href=\"http:\/\/cpaparis.org\/?page_id=988\">Lire plus &#8230;<\/a><\/p>\n","protected":false},"author":3,"featured_media":1133,"parent":0,"menu_order":1,"comment_status":"closed","ping_status":"closed","template":"","meta":{"_mc_calendar":[],"footnotes":""},"folder":[],"class_list":["post-988","page","type-page","status-publish","has-post-thumbnail","hentry"],"yoast_head":"<!-- This site is optimized with the Yoast SEO plugin v26.2 - https:\/\/yoast.com\/wordpress\/plugins\/seo\/ -->\n<title>Pr\u00e9sentation du Club - Club de Patinage Adultes de Paris<\/title>\n<meta name=\"robots\" content=\"index, follow, max-snippet:-1, max-image-preview:large, max-video-preview:-1\" \/>\n<link rel=\"canonical\" href=\"http:\/\/cpaparis.org\/?page_id=988\" \/>\n<meta property=\"og:locale\" content=\"fr_FR\" \/>\n<meta property=\"og:type\" content=\"article\" \/>\n<meta property=\"og:title\" content=\"Pr\u00e9sentation du Club - Club de Patinage Adultes de Paris\" \/>\n<meta property=\"og:description\" content=\"Le cpap propose aux adultes d\u00e9butants ou confirm\u00e9s l&rsquo;apprentissage de la danse sur glace ainsi que l&rsquo;entrainement au ballet sur glace.Des professeurs dipl\u00f4m\u00e9s assurent les cours et la supervision tout au long de la saison de Septembre a Juin.De plus Lire plus ...\" \/>\n<meta property=\"og:url\" content=\"http:\/\/cpaparis.org\/?page_id=988\" \/>\n<meta property=\"og:site_name\" content=\"Club de Patinage Adultes de Paris\" \/>\n<meta property=\"article:modified_time\" content=\"2025-10-27T15:39:48+00:00\" \/>\n<meta property=\"og:image\" content=\"http:\/\/cpaparis.org\/wp-content\/uploads\/2022\/07\/PO-2022-1024x511.png\" \/>\n\t<meta property=\"og:image:width\" content=\"1024\" \/>\n\t<meta property=\"og:image:height\" content=\"511\" \/>\n\t<meta property=\"og:image:type\" content=\"image\/png\" \/>\n<meta name=\"twitter:card\" content=\"summary_large_image\" \/>\n<meta name=\"twitter:label1\" content=\"Dur\u00e9e de lecture estim\u00e9e\" \/>\n\t<meta name=\"twitter:data1\" content=\"1 minute\" \/>\n<script type=\"application\/ld+json\" class=\"yoast-schema-graph\">{\"@context\":\"https:\/\/schema.org\",\"@graph\":[{\"@type\":\"WebPage\",\"@id\":\"http:\/\/cpaparis.org\/?page_id=988\",\"url\":\"http:\/\/cpaparis.org\/?page_id=988\",\"name\":\"Pr\u00e9sentation du Club - Club de Patinage Adultes de Paris\",\"isPartOf\":{\"@id\":\"http:\/\/cpaparis.org\/#website\"},\"primaryImageOfPage\":{\"@id\":\"http:\/\/cpaparis.org\/?page_id=988#primaryimage\"},\"image\":{\"@id\":\"http:\/\/cpaparis.org\/?page_id=988#primaryimage\"},\"thumbnailUrl\":\"http:\/\/cpaparis.org\/wp-content\/uploads\/2022\/07\/PO-2022.png\",\"datePublished\":\"2021-11-16T10:45:22+00:00\",\"dateModified\":\"2025-10-27T15:39:48+00:00\",\"breadcrumb\":{\"@id\":\"http:\/\/cpaparis.org\/?page_id=988#breadcrumb\"},\"inLanguage\":\"fr-FR\",\"potentialAction\":[{\"@type\":\"ReadAction\",\"target\":[\"http:\/\/cpaparis.org\/?page_id=988\"]}]},{\"@type\":\"ImageObject\",\"inLanguage\":\"fr-FR\",\"@id\":\"http:\/\/cpaparis.org\/?page_id=988#primaryimage\",\"url\":\"http:\/\/cpaparis.org\/wp-content\/uploads\/2022\/07\/PO-2022.png\",\"contentUrl\":\"http:\/\/cpaparis.org\/wp-content\/uploads\/2022\/07\/PO-2022.png\",\"width\":2873,\"height\":1433},{\"@type\":\"BreadcrumbList\",\"@id\":\"http:\/\/cpaparis.org\/?page_id=988#breadcrumb\",\"itemListElement\":[{\"@type\":\"ListItem\",\"position\":1,\"name\":\"Accueil\",\"item\":\"http:\/\/cpaparis.org\/\"},{\"@type\":\"ListItem\",\"position\":2,\"name\":\"Pr\u00e9sentation du Club\"}]},{\"@type\":\"WebSite\",\"@id\":\"http:\/\/cpaparis.org\/#website\",\"url\":\"http:\/\/cpaparis.org\/\",\"name\":\"Club de Patinage Adultes de Paris\",\"description\":\"Labellis\u00e9 \u00e9cole de glace par la F\u00e9d\u00e9ration Fran\u00e7aise des Sports de Glace\",\"publisher\":{\"@id\":\"http:\/\/cpaparis.org\/#organization\"},\"potentialAction\":[{\"@type\":\"SearchAction\",\"target\":{\"@type\":\"EntryPoint\",\"urlTemplate\":\"http:\/\/cpaparis.org\/?s={search_term_string}\"},\"query-input\":{\"@type\":\"PropertyValueSpecification\",\"valueRequired\":true,\"valueName\":\"search_term_string\"}}],\"inLanguage\":\"fr-FR\"},{\"@type\":\"Organization\",\"@id\":\"http:\/\/cpaparis.org\/#organization\",\"name\":\"Club de Patinage Adultes de Paris\",\"url\":\"http:\/\/cpaparis.org\/\",\"logo\":{\"@type\":\"ImageObject\",\"inLanguage\":\"fr-FR\",\"@id\":\"http:\/\/cpaparis.org\/#\/schema\/logo\/image\/\",\"url\":\"http:\/\/cpaparis.org\/wp-content\/uploads\/2019\/10\/cpap-transparent.png\",\"contentUrl\":\"http:\/\/cpaparis.org\/wp-content\/uploads\/2019\/10\/cpap-transparent.png\",\"width\":99,\"height\":48,\"caption\":\"Club de Patinage Adultes de Paris\"},\"image\":{\"@id\":\"http:\/\/cpaparis.org\/#\/schema\/logo\/image\/\"}}]}<\/script>\n<!-- \/ Yoast SEO plugin. -->","yoast_head_json":{"title":"Pr\u00e9sentation du Club - Club de Patinage Adultes de Paris","robots":{"index":"index","follow":"follow","max-snippet":"max-snippet:-1","max-image-preview":"max-image-preview:large","max-video-preview":"max-video-preview:-1"},"canonical":"http:\/\/cpaparis.org\/?page_id=988","og_locale":"fr_FR","og_type":"article","og_title":"Pr\u00e9sentation du Club - Club de Patinage Adultes de Paris","og_description":"Le cpap propose aux adultes d\u00e9butants ou confirm\u00e9s l&rsquo;apprentissage de la danse sur glace ainsi que l&rsquo;entrainement au ballet sur glace.Des professeurs dipl\u00f4m\u00e9s assurent les cours et la supervision tout au long de la saison de Septembre a Juin.De plus Lire plus ...","og_url":"http:\/\/cpaparis.org\/?page_id=988","og_site_name":"Club de Patinage Adultes de Paris","article_modified_time":"2025-10-27T15:39:48+00:00","og_image":[{"width":1024,"height":511,"url":"http:\/\/cpaparis.org\/wp-content\/uploads\/2022\/07\/PO-2022-1024x511.png","type":"image\/png"}],"twitter_card":"summary_large_image","twitter_misc":{"Dur\u00e9e de lecture estim\u00e9e":"1 minute"},"schema":{"@context":"https:\/\/schema.org","@graph":[{"@type":"WebPage","@id":"http:\/\/cpaparis.org\/?page_id=988","url":"http:\/\/cpaparis.org\/?page_id=988","name":"Pr\u00e9sentation du Club - Club de Patinage Adultes de Paris","isPartOf":{"@id":"http:\/\/cpaparis.org\/#website"},"primaryImageOfPage":{"@id":"http:\/\/cpaparis.org\/?page_id=988#primaryimage"},"image":{"@id":"http:\/\/cpaparis.org\/?page_id=988#primaryimage"},"thumbnailUrl":"http:\/\/cpaparis.org\/wp-content\/uploads\/2022\/07\/PO-2022.png","datePublished":"2021-11-16T10:45:22+00:00","dateModified":"2025-10-27T15:39:48+00:00","breadcrumb":{"@id":"http:\/\/cpaparis.org\/?page_id=988#breadcrumb"},"inLanguage":"fr-FR","potentialAction":[{"@type":"ReadAction","target":["http:\/\/cpaparis.org\/?page_id=988"]}]},{"@type":"ImageObject","inLanguage":"fr-FR","@id":"http:\/\/cpaparis.org\/?page_id=988#primaryimage","url":"http:\/\/cpaparis.org\/wp-content\/uploads\/2022\/07\/PO-2022.png","contentUrl":"http:\/\/cpaparis.org\/wp-content\/uploads\/2022\/07\/PO-2022.png","width":2873,"height":1433},{"@type":"BreadcrumbList","@id":"http:\/\/cpaparis.org\/?page_id=988#breadcrumb","itemListElement":[{"@type":"ListItem","position":1,"name":"Accueil","item":"http:\/\/cpaparis.org\/"},{"@type":"ListItem","position":2,"name":"Pr\u00e9sentation du Club"}]},{"@type":"WebSite","@id":"http:\/\/cpaparis.org\/#website","url":"http:\/\/cpaparis.org\/","name":"Club de Patinage Adultes de Paris","description":"Labellis\u00e9 \u00e9cole de glace par la F\u00e9d\u00e9ration Fran\u00e7aise des Sports de Glace","publisher":{"@id":"http:\/\/cpaparis.org\/#organization"},"potentialAction":[{"@type":"SearchAction","target":{"@type":"EntryPoint","urlTemplate":"http:\/\/cpaparis.org\/?s={search_term_string}"},"query-input":{"@type":"PropertyValueSpecification","valueRequired":true,"valueName":"search_term_string"}}],"inLanguage":"fr-FR"},{"@type":"Organization","@id":"http:\/\/cpaparis.org\/#organization","name":"Club de Patinage Adultes de Paris","url":"http:\/\/cpaparis.org\/","logo":{"@type":"ImageObject","inLanguage":"fr-FR","@id":"http:\/\/cpaparis.org\/#\/schema\/logo\/image\/","url":"http:\/\/cpaparis.org\/wp-content\/uploads\/2019\/10\/cpap-transparent.png","contentUrl":"http:\/\/cpaparis.org\/wp-content\/uploads\/2019\/10\/cpap-transparent.png","width":99,"height":48,"caption":"Club de Patinage Adultes de Paris"},"image":{"@id":"http:\/\/cpaparis.org\/#\/schema\/logo\/image\/"}}]}},"_links":{"self":[{"href":"http:\/\/cpaparis.org\/index.php?rest_route=\/wp\/v2\/pages\/988","targetHints":{"allow":["GET"]}}],"collection":[{"href":"http:\/\/cpaparis.org\/index.php?rest_route=\/wp\/v2\/pages"}],"about":[{"href":"http:\/\/cpaparis.org\/index.php?rest_route=\/wp\/v2\/types\/page"}],"author":[{"embeddable":true,"href":"http:\/\/cpaparis.org\/index.php?rest_route=\/wp\/v2\/users\/3"}],"replies":[{"embeddable":true,"href":"http:\/\/cpaparis.org\/index.php?rest_route=%2Fwp%2Fv2%2Fcomments&post=988"}],"version-history":[{"count":3,"href":"http:\/\/cpaparis.org\/index.php?rest_route=\/wp\/v2\/pages\/988\/revisions"}],"predecessor-version":[{"id":998,"href":"http:\/\/cpaparis.org\/index.php?rest_route=\/wp\/v2\/pages\/988\/revisions\/998"}],"wp:featuredmedia":[{"embeddable":true,"href":"http:\/\/cpaparis.org\/index.php?rest_route=\/wp\/v2\/media\/1133"}],"wp:attachment":[{"href":"http:\/\/cpaparis.org\/index.php?rest_route=%2Fwp%2Fv2%2Fmedia&parent=988"}],"wp:term":[{"taxonomy":"folder","embeddable":true,"href":"http:\/\/cpaparis.org\/index.php?rest_route=%2Fwp%2Fv2%2Ffolder&post=988"}],"curies":[{"name":"wp","href":"https:\/\/api.w.org\/{rel}","templated":true}]}}